{"id":944,"date":"2017-06-02T19:36:50","date_gmt":"2017-06-02T19:36:50","guid":{"rendered":"https:\/\/www.lesamesnocturnes.com\/?page_id=944"},"modified":"2020-01-28T10:30:31","modified_gmt":"2020-01-28T10:30:31","slug":"le-mariage-secret","status":"publish","type":"page","link":"https:\/\/www.lesamesnocturnes.com\/?page_id=944","title":{"rendered":"Le Mariage Secret"},"content":{"rendered":"<h4>Op\u00e9ra en deux actes de <strong>D. Cimarosa\u00a0<\/strong>sur un livret de\u00a0<strong>G.\u00a0Bertati\u00a0<\/strong>| production<strong>\u00a0Philharmonie de Paris et Conservatoire National Sup\u00e9rieur de Musique de Paris<\/strong><\/h4>\n<h4>mise en sc\u00e8ne,\u00a0sc\u00e9nographie, costumes, lumi\u00e8res\u00a0<strong>C\u00e9cile Roussat<\/strong>\u00a0&amp;\u00a0<strong>Julien Lubek<\/strong>\u00a0|<\/h4>\n<h4>direction musicale<strong>\u00a0Patrick Davin<\/strong><\/h4>\n<h4>Cr\u00e9ation: 3 mars 2017<\/h4>\n<div>Costumiers r\u00e9alisateurs Sonia Bosc, St\u00e9phane Puault et Sylvie Martin-Hyszka<br \/>\nEn partenariat avec le Lyc\u00e9e Jules Verne de Sartrouville et l&rsquo;Ecole ITM &#8211; Institut Technique du Maquillage<\/div>\n<h4><a href=\"https:\/\/www.lesamesnocturnes.com\/wp-content\/uploads\/2018\/06\/DSC_6440-1.jpg\"><img loading=\"lazy\" decoding=\"async\" class=\"size-large wp-image-981 alignleft\" title=\"DSC_6440-1\" src=\"https:\/\/www.lesamesnocturnes.com\/wp-content\/uploads\/2018\/06\/DSC_6440-1-1024x683.jpg\" alt=\"\" width=\"479\" height=\"319\" srcset=\"https:\/\/www.lesamesnocturnes.com\/wp-content\/uploads\/2018\/06\/DSC_6440-1-1024x683.jpg 1024w, https:\/\/www.lesamesnocturnes.com\/wp-content\/uploads\/2018\/06\/DSC_6440-1-300x200.jpg 300w, https:\/\/www.lesamesnocturnes.com\/wp-content\/uploads\/2018\/06\/DSC_6440-1-950x634.jpg 950w\" sizes=\"auto, (max-width: 479px) 100vw, 479px\" \/><\/a><\/h4>\n<div><span style=\"color: #000000;\"><strong><a href=\"http:\/\/www.conservatoiredeparis.fr\/en\/nc\/voir-et-entendre\/videos\/article\/il-matrimonio-segreto-acte-i\/?tx_ttnews%5Bnpage%5D=8\" target=\"_blank\">Lien vid\u00e9o Acte I<\/a><\/strong><\/span><\/div>\n<div>\n<div><strong><a href=\"http:\/\/www.conservatoiredeparis.fr\/en\/nc\/voir-et-entendre\/videos\/article\/il-matrimonio-segreto-acte-ii\/?tx_ttnews%5Bnpage%5D=8\" target=\"_blank\">Lien vid\u00e9o Acte II<\/a><\/strong><\/div>\n<h4><\/h4>\n<p>&nbsp;<\/p>\n<p>&nbsp;<\/p>\n<p>&nbsp;<\/p>\n<p>&nbsp;<\/p>\n<p>&nbsp;<\/p>\n<p><strong><!-- default-view.php -->\n<div\n\tclass=\"ngg-galleryoverview default-view  ngg-ajax-pagination-none\"\n\tid=\"ngg-gallery-0a8789dae4945b137668b6b2a9eeaf65-1\">\n\n\t\t<!-- Thumbnails -->\n\t\t\t\t<div id=\"ngg-image-0\" class=\"ngg-gallery-thumbnail-box ngg-8-columns\" >\n\t\t\t\t        <div class=\"ngg-gallery-thumbnail\">\n            <a href=\"https:\/\/www.lesamesnocturnes.com\/wp-content\/gallery\/19\/le-mariage-secret-par-cecile-roussat-julien-lubek-1.jpg\"\n               title=\"\"\n               data-src=\"https:\/\/www.lesamesnocturnes.com\/wp-content\/gallery\/19\/le-mariage-secret-par-cecile-roussat-julien-lubek-1.jpg\"\n               data-thumbnail=\"https:\/\/www.lesamesnocturnes.com\/wp-content\/gallery\/19\/thumbs\/thumbs_le-mariage-secret-par-cecile-roussat-julien-lubek-1.jpg\"\n               data-image-id=\"498\"\n               data-title=\"le-mariage-secret-par-cecile-roussat-julien-lubek-1\"\n               data-description=\"\"\n               data-image-slug=\"le-mariage-secret-par-cecile-roussat-julien-lubek-1\"\n               class=\"shutterset_0a8789dae4945b137668b6b2a9eeaf65\">\n                <img\n                    title=\"le-mariage-secret-par-cecile-roussat-julien-lubek-1\"\n                    alt=\"le-mariage-secret-par-cecile-roussat-julien-lubek-1\"\n                    src=\"https:\/\/www.lesamesnocturnes.com\/wp-content\/gallery\/19\/thumbs\/thumbs_le-mariage-secret-par-cecile-roussat-julien-lubek-1.jpg\"\n                    width=\"100\"\n                    height=\"75\"\n                    style=\"max-width:100%;\"\n                \/>\n            <\/a>\n        <\/div>\n\t\t\t\t\t\t\t<\/div> \n\t\t\t\n\t\t\t\t<div id=\"ngg-image-1\" class=\"ngg-gallery-thumbnail-box ngg-8-columns\" >\n\t\t\t\t        <div class=\"ngg-gallery-thumbnail\">\n            <a href=\"https:\/\/www.lesamesnocturnes.com\/wp-content\/gallery\/19\/le-mariage-secret-par-cecile-roussat-julien-lubek-2.jpg\"\n               title=\"\"\n               data-src=\"https:\/\/www.lesamesnocturnes.com\/wp-content\/gallery\/19\/le-mariage-secret-par-cecile-roussat-julien-lubek-2.jpg\"\n               data-thumbnail=\"https:\/\/www.lesamesnocturnes.com\/wp-content\/gallery\/19\/thumbs\/thumbs_le-mariage-secret-par-cecile-roussat-julien-lubek-2.jpg\"\n               data-image-id=\"499\"\n               data-title=\"le-mariage-secret-par-cecile-roussat-julien-lubek-2\"\n               data-description=\"\"\n               data-image-slug=\"le-mariage-secret-par-cecile-roussat-julien-lubek-2\"\n               class=\"shutterset_0a8789dae4945b137668b6b2a9eeaf65\">\n                <img\n                    title=\"le-mariage-secret-par-cecile-roussat-julien-lubek-2\"\n                    alt=\"le-mariage-secret-par-cecile-roussat-julien-lubek-2\"\n                    src=\"https:\/\/www.lesamesnocturnes.com\/wp-content\/gallery\/19\/thumbs\/thumbs_le-mariage-secret-par-cecile-roussat-julien-lubek-2.jpg\"\n                    width=\"100\"\n                    height=\"75\"\n                    style=\"max-width:100%;\"\n                \/>\n            <\/a>\n        <\/div>\n\t\t\t\t\t\t\t<\/div> \n\t\t\t\n\t\t\t\t<div id=\"ngg-image-2\" class=\"ngg-gallery-thumbnail-box ngg-8-columns\" >\n\t\t\t\t        <div class=\"ngg-gallery-thumbnail\">\n            <a href=\"https:\/\/www.lesamesnocturnes.com\/wp-content\/gallery\/19\/le-mariage-secret-par-cecile-roussat-julien-lubek.jpg\"\n               title=\"\"\n               data-src=\"https:\/\/www.lesamesnocturnes.com\/wp-content\/gallery\/19\/le-mariage-secret-par-cecile-roussat-julien-lubek.jpg\"\n               data-thumbnail=\"https:\/\/www.lesamesnocturnes.com\/wp-content\/gallery\/19\/thumbs\/thumbs_le-mariage-secret-par-cecile-roussat-julien-lubek.jpg\"\n               data-image-id=\"500\"\n               data-title=\"le-mariage-secret-par-cecile-roussat-julien-lubek\"\n               data-description=\"\"\n               data-image-slug=\"le-mariage-secret-par-cecile-roussat-julien-lubek\"\n               class=\"shutterset_0a8789dae4945b137668b6b2a9eeaf65\">\n                <img\n                    title=\"le-mariage-secret-par-cecile-roussat-julien-lubek\"\n                    alt=\"le-mariage-secret-par-cecile-roussat-julien-lubek\"\n                    src=\"https:\/\/www.lesamesnocturnes.com\/wp-content\/gallery\/19\/thumbs\/thumbs_le-mariage-secret-par-cecile-roussat-julien-lubek.jpg\"\n                    width=\"100\"\n                    height=\"75\"\n                    style=\"max-width:100%;\"\n                \/>\n            <\/a>\n        <\/div>\n\t\t\t\t\t\t\t<\/div> \n\t\t\t\n\t\t\t\t<div id=\"ngg-image-3\" class=\"ngg-gallery-thumbnail-box ngg-8-columns\" >\n\t\t\t\t        <div class=\"ngg-gallery-thumbnail\">\n            <a href=\"https:\/\/www.lesamesnocturnes.com\/wp-content\/gallery\/19\/mariage-secret-hamac.jpg\"\n               title=\"\"\n               data-src=\"https:\/\/www.lesamesnocturnes.com\/wp-content\/gallery\/19\/mariage-secret-hamac.jpg\"\n               data-thumbnail=\"https:\/\/www.lesamesnocturnes.com\/wp-content\/gallery\/19\/thumbs\/thumbs_mariage-secret-hamac.jpg\"\n               data-image-id=\"501\"\n               data-title=\"mariage-secret-hamac\"\n               data-description=\"\"\n               data-image-slug=\"mariage-secret-hamac\"\n               class=\"shutterset_0a8789dae4945b137668b6b2a9eeaf65\">\n                <img\n                    title=\"mariage-secret-hamac\"\n                    alt=\"mariage-secret-hamac\"\n                    src=\"https:\/\/www.lesamesnocturnes.com\/wp-content\/gallery\/19\/thumbs\/thumbs_mariage-secret-hamac.jpg\"\n                    width=\"100\"\n                    height=\"75\"\n                    style=\"max-width:100%;\"\n                \/>\n            <\/a>\n        <\/div>\n\t\t\t\t\t\t\t<\/div> \n\t\t\t\n\t\t\t\t<div id=\"ngg-image-4\" class=\"ngg-gallery-thumbnail-box ngg-8-columns\" >\n\t\t\t\t        <div class=\"ngg-gallery-thumbnail\">\n            <a href=\"https:\/\/www.lesamesnocturnes.com\/wp-content\/gallery\/19\/dsc_4524s.jpg\"\n               title=\"\"\n               data-src=\"https:\/\/www.lesamesnocturnes.com\/wp-content\/gallery\/19\/dsc_4524s.jpg\"\n               data-thumbnail=\"https:\/\/www.lesamesnocturnes.com\/wp-content\/gallery\/19\/thumbs\/thumbs_dsc_4524s.jpg\"\n               data-image-id=\"502\"\n               data-title=\"dsc_4524s\"\n               data-description=\"\"\n               data-image-slug=\"dsc_4524s\"\n               class=\"shutterset_0a8789dae4945b137668b6b2a9eeaf65\">\n                <img\n                    title=\"dsc_4524s\"\n                    alt=\"dsc_4524s\"\n                    src=\"https:\/\/www.lesamesnocturnes.com\/wp-content\/gallery\/19\/thumbs\/thumbs_dsc_4524s.jpg\"\n                    width=\"\"\n                    height=\"\"\n                    style=\"max-width:100%;\"\n                \/>\n            <\/a>\n        <\/div>\n\t\t\t\t\t\t\t<\/div> \n\t\t\t\n\t\t\t\t<div id=\"ngg-image-5\" class=\"ngg-gallery-thumbnail-box ngg-8-columns\" >\n\t\t\t\t        <div class=\"ngg-gallery-thumbnail\">\n            <a href=\"https:\/\/www.lesamesnocturnes.com\/wp-content\/gallery\/19\/dsc_6440-1.jpg\"\n               title=\"\"\n               data-src=\"https:\/\/www.lesamesnocturnes.com\/wp-content\/gallery\/19\/dsc_6440-1.jpg\"\n               data-thumbnail=\"https:\/\/www.lesamesnocturnes.com\/wp-content\/gallery\/19\/thumbs\/thumbs_dsc_6440-1.jpg\"\n               data-image-id=\"503\"\n               data-title=\"dsc_6440-1\"\n               data-description=\"\"\n               data-image-slug=\"dsc_6440-1\"\n               class=\"shutterset_0a8789dae4945b137668b6b2a9eeaf65\">\n                <img\n                    title=\"dsc_6440-1\"\n                    alt=\"dsc_6440-1\"\n                    src=\"https:\/\/www.lesamesnocturnes.com\/wp-content\/gallery\/19\/thumbs\/thumbs_dsc_6440-1.jpg\"\n                    width=\"\"\n                    height=\"\"\n                    style=\"max-width:100%;\"\n                \/>\n            <\/a>\n        <\/div>\n\t\t\t\t\t\t\t<\/div> \n\t\t\t\n\t\t\t\t<div id=\"ngg-image-6\" class=\"ngg-gallery-thumbnail-box ngg-8-columns\" >\n\t\t\t\t        <div class=\"ngg-gallery-thumbnail\">\n            <a href=\"https:\/\/www.lesamesnocturnes.com\/wp-content\/gallery\/19\/dsc_7088.jpg\"\n               title=\"\"\n               data-src=\"https:\/\/www.lesamesnocturnes.com\/wp-content\/gallery\/19\/dsc_7088.jpg\"\n               data-thumbnail=\"https:\/\/www.lesamesnocturnes.com\/wp-content\/gallery\/19\/thumbs\/thumbs_dsc_7088.jpg\"\n               data-image-id=\"504\"\n               data-title=\"dsc_7088\"\n               data-description=\"\"\n               data-image-slug=\"dsc_7088\"\n               class=\"shutterset_0a8789dae4945b137668b6b2a9eeaf65\">\n                <img\n                    title=\"dsc_7088\"\n                    alt=\"dsc_7088\"\n                    src=\"https:\/\/www.lesamesnocturnes.com\/wp-content\/gallery\/19\/thumbs\/thumbs_dsc_7088.jpg\"\n                    width=\"\"\n                    height=\"\"\n                    style=\"max-width:100%;\"\n                \/>\n            <\/a>\n        <\/div>\n\t\t\t\t\t\t\t<\/div> \n\t\t\t\n\t\n\t<br style=\"clear: both\" \/>\n\n\t\n\t\t<!-- Pagination -->\n\t<div class='ngg-clear'><\/div>\t<\/div>\n<\/strong><\/p>\n<p><strong>La critique<\/strong><\/p>\n<p>Il faut saluer le travail extraordinaire des metteurs en sc\u00e8ne, sc\u00e9nographes et costumiers\u00a0<a href=\"https:\/\/www.olyrix.com\/artistes\/9685\/cecile-roussat\" target=\"_blank\" data-relative-link=\"\/artistes\/9685\/cecile-roussat\">C\u00e9cile Roussat<\/a>\u00a0et\u00a0<a href=\"https:\/\/www.olyrix.com\/artistes\/6764\/julien-lubek\" target=\"_blank\" data-relative-link=\"\/artistes\/6764\/julien-lubek\">Julien Lubek<\/a>\u00a0(dont nous avions r\u00e9cemment appr\u00e9ci\u00e9 le talent dans\u00a0<a href=\"https:\/\/www.olyrix.com\/articles\/production\/609\/didon-et-enee-opera-rouen-normandie-critique-compte-rendu-vincent-dumestre-mireille-delunsch-benoit-arnould-katherine-watson-cyril-auvity-caroline-meng-lucile-richardot-nicholas-tamagna-jenny-daviet-orchestre-du-poeme-harmonique-choeur-accentus\" target=\"_blank\" data-relative-link=\"\/articles\/production\/609\/didon-et-enee-opera-rouen-normandie-critique-compte-rendu-vincent-dumestre-mireille-delunsch-benoit-arnould-katherine-watson-cyril-auvity-caroline-meng-lucile-richardot-nicholas-tamagna-jenny-daviet-orchestre-du-poeme-harmonique-choeur-accentus\"><em>Didon et \u00c9n\u00e9e<\/em>\u00a0\u00e0 l&rsquo;Op\u00e9ra de Rouen<\/a>), qui a largement contribu\u00e9 \u00e0 la r\u00e9ussite de ce projet. La mise en sc\u00e8ne est foisonnante, \u00e9nergique, burlesque et po\u00e9tique \u00e0 la fois.\u00a0<em><strong>Olyrix, le 11\/03\/2017<\/strong><\/em><\/p>\n<p>Le spectacle s\u2019adjoint un r\u00f4le muet interpr\u00e9t\u00e9 par Alex Sander Dos Santos. Ce dernier apporte une touche de fantaisie constante autour d\u2019interventions d\u00e9cal\u00e9es \u00e0 la mani\u00e8re du Puck du\u00a0<em>Songe d\u2019une nuit d\u2019\u00e9t\u00e9<\/em>. Sa pr\u00e9sence r\u00e9sume bien l\u2019esprit de cette production d\u00e9lirante confi\u00e9e \u00e0 C\u00e9cile Roussat et Julien Lubek, qui assurent tous deux la mise en sc\u00e8ne, la sc\u00e9nographie, les costumes et les lumi\u00e8res \u2013 rien que \u00e7a! Un peu \u00e0 la mani\u00e8re de l\u2019excellente production du\u00a0<em>Roi Pasteur<\/em>\u00a0au Ch\u00e2telet\u00a0en 2015, leur travail truff\u00e9 de d\u00e9tails fait preuve d\u2019une inventivit\u00e9 admirable qui pourra d\u00e9router les g\u00e9n\u00e9rations plus \u00e2g\u00e9es, confront\u00e9es \u00e0 un univers rocambolesque et d\u00e9jant\u00e9. Evoluant dans un d\u00e9cor baroque et morbide teint\u00e9 d\u2019\u00e9clairages expressionnistes finement cisel\u00e9s, les personnages, v\u00eatus de costumes originaux, \u00e9voquent autant la famille Adams qu\u2019une basse-cour d\u2019op\u00e9rette. Le rythme se montre parfaitement soutenu par la maestria des id\u00e9es comiques qui se succ\u00e8dent \u00e0 un rythme effr\u00e9n\u00e9, de l\u2019introduction d\u2019un gyropode \u00e0 l\u2019apparition de lapereaux apeur\u00e9s, en passant par la t\u00eate du barbon transport\u00e9e fac\u00e9tieusement sur un plateau surmont\u00e9 d\u2019une cloche en m\u00e9tal.\u00a0<em><strong>ConcertoNet.com<\/strong><\/em><\/p>\n<p>&nbsp;<\/p>\n<\/div>\n","protected":false},"excerpt":{"rendered":"<p>Op\u00e9ra en deux actes de D. Cimarosa\u00a0sur un livret de\u00a0G.\u00a0Bertati\u00a0| production\u00a0Philharmonie de Paris et Conservatoire National Sup\u00e9rieur de Musique de Paris mise en sc\u00e8ne,\u00a0sc\u00e9nographie, costumes, lumi\u00e8res\u00a0C\u00e9cile Roussat\u00a0&amp;\u00a0Julien Lubek\u00a0| direction musicale\u00a0Patrick Davin Cr\u00e9ation: 3 mars 2017 Costumiers r\u00e9alisateurs Sonia Bosc, St\u00e9phane Puault et Sylvie Martin-Hyszka En partenariat avec le Lyc\u00e9e Jules Verne de Sartrouville et l&rsquo;Ecole [&hellip;]<\/p>\n","protected":false},"author":4,"featured_media":0,"parent":35,"menu_order":5,"comment_status":"open","ping_status":"open","template":"","meta":{"ngg_post_thumbnail":0,"footnotes":""},"class_list":["post-944","page","type-page","status-publish","hentry"],"_links":{"self":[{"href":"https:\/\/www.lesamesnocturnes.com\/index.php?rest_route=\/wp\/v2\/pages\/944","targetHints":{"allow":["GET"]}}],"collection":[{"href":"https:\/\/www.lesamesnocturnes.com\/index.php?rest_route=\/wp\/v2\/pages"}],"about":[{"href":"https:\/\/www.lesamesnocturnes.com\/index.php?rest_route=\/wp\/v2\/types\/page"}],"author":[{"embeddable":true,"href":"https:\/\/www.lesamesnocturnes.com\/index.php?rest_route=\/wp\/v2\/users\/4"}],"replies":[{"embeddable":true,"href":"https:\/\/www.lesamesnocturnes.com\/index.php?rest_route=%2Fwp%2Fv2%2Fcomments&post=944"}],"version-history":[{"count":14,"href":"https:\/\/www.lesamesnocturnes.com\/index.php?rest_route=\/wp\/v2\/pages\/944\/revisions"}],"predecessor-version":[{"id":1123,"href":"https:\/\/www.lesamesnocturnes.com\/index.php?rest_route=\/wp\/v2\/pages\/944\/revisions\/1123"}],"up":[{"embeddable":true,"href":"https:\/\/www.lesamesnocturnes.com\/index.php?rest_route=\/wp\/v2\/pages\/35"}],"wp:attachment":[{"href":"https:\/\/www.lesamesnocturnes.com\/index.php?rest_route=%2Fwp%2Fv2%2Fmedia&parent=944"}],"curies":[{"name":"wp","href":"https:\/\/api.w.org\/{rel}","templated":true}]}}