{"id":46,"date":"2011-11-02T15:10:36","date_gmt":"2011-11-02T15:10:36","guid":{"rendered":"https:\/\/www.lesamesnocturnes.com\/?page_id=46"},"modified":"2023-02-13T14:49:31","modified_gmt":"2023-02-13T14:49:31","slug":"contact","status":"publish","type":"page","link":"https:\/\/www.lesamesnocturnes.com\/?page_id=46","title":{"rendered":"contact"},"content":{"rendered":"<p><a href=\"https:\/\/www.lesamesnocturnes.com\/wp-content\/uploads\/2015\/01\/10452382_10152517082927375_9037604379613059526_n.jpg\"><img loading=\"lazy\" decoding=\"async\" class=\"size-full wp-image-673    alignleft\" title=\"10452382_10152517082927375_9037604379613059526_n\" src=\"https:\/\/www.lesamesnocturnes.com\/wp-content\/uploads\/2015\/01\/10452382_10152517082927375_9037604379613059526_n.jpg\" alt=\"Didon &amp; En\u00e9e \/ Roussat - Lubek \/ Op\u00e9ra de Rouen 2014\" width=\"484\" height=\"484\" srcset=\"https:\/\/www.lesamesnocturnes.com\/wp-content\/uploads\/2015\/01\/10452382_10152517082927375_9037604379613059526_n.jpg 960w, https:\/\/www.lesamesnocturnes.com\/wp-content\/uploads\/2015\/01\/10452382_10152517082927375_9037604379613059526_n-150x150.jpg 150w, https:\/\/www.lesamesnocturnes.com\/wp-content\/uploads\/2015\/01\/10452382_10152517082927375_9037604379613059526_n-300x300.jpg 300w, https:\/\/www.lesamesnocturnes.com\/wp-content\/uploads\/2015\/01\/10452382_10152517082927375_9037604379613059526_n-950x950.jpg 950w\" sizes=\"auto, (max-width: 484px) 100vw, 484px\" \/><\/a><\/p>\n<p><strong>Les \u00c2mes Nocturnes<\/strong><br \/>\n<em>C\u00e9cile Roussat &amp; Julien Lubek<\/em><\/p>\n<ul>\n<li>Pour la diffusion de tous les spectacles de la Cie Les \u00c2mes Nocturnes, ou pour contacter C\u00e9cile Roussat &amp; Julien Lubek, <strong>contact<\/strong>:&nbsp;<span style=\"color: #000080;\"><span style=\"color: #000080;\"><a title=\"info@shlemiltheatre.com\" href=\"mailto:mimelubek@hotmail.com\">contact mail<\/a><\/span><\/span><\/li>\n<\/ul>\n<p>&nbsp;<\/p>\n<ul>\n<li>&nbsp;To get in touch with C\u00e9cile and Julien or to ask for information about any show, please <strong>contact<\/strong>: <a href=\"mimelubek@hotmail.com\" target=\"_blank\" rel=\"noopener\">email &nbsp;contact&nbsp;<\/a><\/li>\n<\/ul>\n<p>&nbsp;<\/p>\n<p>&nbsp;<\/p>\n<p><a href=\"https:\/\/m.facebook.com\/lesamesnocturnes\" target=\"_blank\" rel=\"noopener\"><img loading=\"lazy\" decoding=\"async\" class=\"alignleft size-full wp-image-152\" title=\"facebook\" src=\"https:\/\/www.lesamesnocturnes.com\/wp-content\/uploads\/2011\/11\/fb.png\" alt=\"facebook\" width=\"48\" height=\"48\"><\/a><\/p>\n<p><span style=\"color: #000080;\"><span style=\"color: #000080;\">retrouvez-nous<br \/>\nsur facebook<\/span><\/span><\/p>\n","protected":false},"excerpt":{"rendered":"<p>Les \u00c2mes Nocturnes C\u00e9cile Roussat &amp; Julien Lubek Pour la diffusion de tous les spectacles de la Cie Les \u00c2mes Nocturnes, ou pour contacter C\u00e9cile Roussat &amp; Julien Lubek, contact:&nbsp;contact mail &nbsp; &nbsp;To get in touch with C\u00e9cile and Julien or to ask for information about any show, please contact: email &nbsp;contact&nbsp; &nbsp; &nbsp; retrouvez-nous [&hellip;]<\/p>\n","protected":false},"author":4,"featured_media":0,"parent":0,"menu_order":0,"comment_status":"open","ping_status":"open","template":"","meta":{"ngg_post_thumbnail":0,"footnotes":""},"class_list":["post-46","page","type-page","status-publish","hentry"],"_links":{"self":[{"href":"https:\/\/www.lesamesnocturnes.com\/index.php?rest_route=\/wp\/v2\/pages\/46","targetHints":{"allow":["GET"]}}],"collection":[{"href":"https:\/\/www.lesamesnocturnes.com\/index.php?rest_route=\/wp\/v2\/pages"}],"about":[{"href":"https:\/\/www.lesamesnocturnes.com\/index.php?rest_route=\/wp\/v2\/types\/page"}],"author":[{"embeddable":true,"href":"https:\/\/www.lesamesnocturnes.com\/index.php?rest_route=\/wp\/v2\/users\/4"}],"replies":[{"embeddable":true,"href":"https:\/\/www.lesamesnocturnes.com\/index.php?rest_route=%2Fwp%2Fv2%2Fcomments&post=46"}],"version-history":[{"count":50,"href":"https:\/\/www.lesamesnocturnes.com\/index.php?rest_route=\/wp\/v2\/pages\/46\/revisions"}],"predecessor-version":[{"id":1411,"href":"https:\/\/www.lesamesnocturnes.com\/index.php?rest_route=\/wp\/v2\/pages\/46\/revisions\/1411"}],"wp:attachment":[{"href":"https:\/\/www.lesamesnocturnes.com\/index.php?rest_route=%2Fwp%2Fv2%2Fmedia&parent=46"}],"curies":[{"name":"wp","href":"https:\/\/api.w.org\/{rel}","templated":true}]}}