{"id":233,"date":"2011-11-17T10:59:55","date_gmt":"2011-11-17T10:59:55","guid":{"rendered":"https:\/\/www.lesamesnocturnes.com\/?page_id=233"},"modified":"2013-08-23T10:20:11","modified_gmt":"2013-08-23T10:20:11","slug":"le-bourgeois-gentilhomme","status":"publish","type":"page","link":"https:\/\/www.lesamesnocturnes.com\/?page_id=233","title":{"rendered":"Le Bourgeois Gentilhomme"},"content":{"rendered":"<p><a href=\"https:\/\/www.lesamesnocturnes.com\/wp-content\/uploads\/2011\/11\/photo_21.jpg\"><img loading=\"lazy\" decoding=\"async\" class=\"alignleft size-full wp-image-469\" title=\"photo_2\" src=\"https:\/\/www.lesamesnocturnes.com\/wp-content\/uploads\/2011\/11\/photo_21.jpg\" alt=\"\" width=\"700\" height=\"453\" srcset=\"https:\/\/www.lesamesnocturnes.com\/wp-content\/uploads\/2011\/11\/photo_21.jpg 700w, https:\/\/www.lesamesnocturnes.com\/wp-content\/uploads\/2011\/11\/photo_21-300x194.jpg 300w\" sizes=\"auto, (max-width: 700px) 100vw, 700px\" \/><\/a>Un spectacle du <strong>Po\u00e8me Harmonique<\/strong> | direction artistique <strong>Vincent Dumestre<\/strong> | mise en sc\u00e8ne <strong>Benjamin Lazar<\/strong> | chor\u00e9graphie <strong>C\u00e9cile Roussat<\/strong>, assist\u00e9e de <strong>Julien Lubek<\/strong><\/p>\n<p>Plus de trois si\u00e8cles apr\u00e8s sa cr\u00e9ation au ch\u00e2teau de Chambord, cette production du <em>Bourgeois Gentilhomme<\/em> renoue avec la rencontre des arts, pour un <em>spectacle total<\/em> o\u00f9 se c\u00f4toient et s&rsquo;entrem\u00ealent th\u00e9\u00e2tre, musique, danse et mime.<\/p>\n<p>Vincent Dumestre et son Po\u00e8me Harmonique restituent la musique de Lully sur instruments anciens, Benjamin Lazar r\u00e9invente une mise en sc\u00e8ne frontale et manie la d\u00e9clamation baroque, le tout \u00e9clair\u00e9 uniquement \u00e0 la bougie. C\u00e9cile Roussat &amp; Julien Lubek compl\u00e8tent l&rsquo;\u00e9quipe en cr\u00e9ant un vocabulaire multiple (danse baroque, mime, commedia dell&rsquo;arte, acrobatie&#8230;), \u00e0 la fois fid\u00e8le \u00e0 l&rsquo;esth\u00e9tique baroque, et totalement fantaisiste et imaginatif dans sa r\u00e9alisation.<\/p>\n<p>50 repr\u00e9sentations entre 2004 et 2011, notamment au Th\u00e9\u00e2tre des Champs-\u00c9lys\u00e9es, \u00e0 l&rsquo;Op\u00e9ra d&rsquo;Avignon, \u00e0 l&rsquo;Op\u00e9ra royal du ch\u00e2teau de Versailles et dans de prestigieux th\u00e9\u00e2tres \u00e0 Prague, Budapest, Cracovie, Belgrade, Madrid et Bruxelles.<\/p>\n<p>Le spectacle est paru en <a href=\"http:\/\/www.outhere-music.com\/en\/albums\/le-bourgeois-gentilhomme-en-dvd-alpha-700\" target=\"_blank\">DVD<\/a> chez Alpha.<\/p>\n<p>&nbsp;<\/p>\n<p><em>La danse simple divertissement ? C\u2019est compter sans la chor\u00e9graphie inventive et d\u00e9licate de C\u00e9cile Roussat.<\/em><\/p>\n<p><strong>Le Monde<\/strong>, 28 octobre 2004<em><\/p>\n<p><\/em><\/p>\n","protected":false},"excerpt":{"rendered":"<p>Un spectacle du Po\u00e8me Harmonique | direction artistique Vincent Dumestre | mise en sc\u00e8ne Benjamin Lazar | chor\u00e9graphie C\u00e9cile Roussat, assist\u00e9e de Julien Lubek Plus de trois si\u00e8cles apr\u00e8s sa cr\u00e9ation au ch\u00e2teau de Chambord, cette production du Bourgeois Gentilhomme renoue avec la rencontre des arts, pour un spectacle total o\u00f9 se c\u00f4toient et s&rsquo;entrem\u00ealent [&hellip;]<\/p>\n","protected":false},"author":2,"featured_media":0,"parent":0,"menu_order":0,"comment_status":"open","ping_status":"open","template":"","meta":{"ngg_post_thumbnail":0,"footnotes":""},"class_list":["post-233","page","type-page","status-publish","hentry"],"_links":{"self":[{"href":"https:\/\/www.lesamesnocturnes.com\/index.php?rest_route=\/wp\/v2\/pages\/233","targetHints":{"allow":["GET"]}}],"collection":[{"href":"https:\/\/www.lesamesnocturnes.com\/index.php?rest_route=\/wp\/v2\/pages"}],"about":[{"href":"https:\/\/www.lesamesnocturnes.com\/index.php?rest_route=\/wp\/v2\/types\/page"}],"author":[{"embeddable":true,"href":"https:\/\/www.lesamesnocturnes.com\/index.php?rest_route=\/wp\/v2\/users\/2"}],"replies":[{"embeddable":true,"href":"https:\/\/www.lesamesnocturnes.com\/index.php?rest_route=%2Fwp%2Fv2%2Fcomments&post=233"}],"version-history":[{"count":8,"href":"https:\/\/www.lesamesnocturnes.com\/index.php?rest_route=\/wp\/v2\/pages\/233\/revisions"}],"predecessor-version":[{"id":237,"href":"https:\/\/www.lesamesnocturnes.com\/index.php?rest_route=\/wp\/v2\/pages\/233\/revisions\/237"}],"wp:attachment":[{"href":"https:\/\/www.lesamesnocturnes.com\/index.php?rest_route=%2Fwp%2Fv2%2Fmedia&parent=233"}],"curies":[{"name":"wp","href":"https:\/\/api.w.org\/{rel}","templated":true}]}}