{"id":225,"date":"2011-11-16T23:01:22","date_gmt":"2011-11-16T23:01:22","guid":{"rendered":"https:\/\/www.lesamesnocturnes.com\/?page_id=225"},"modified":"2013-08-22T21:04:19","modified_gmt":"2013-08-22T21:04:19","slug":"pierrot-fache-avec-la-lune","status":"publish","type":"page","link":"https:\/\/www.lesamesnocturnes.com\/?page_id=225","title":{"rendered":"Pierrot f\u00e2ch\u00e9 avec la Lune"},"content":{"rendered":"<p><img loading=\"lazy\" decoding=\"async\" class=\"alignleft size-full wp-image-226\" title=\"Pierrot f\u00e2ch\u00e9 avec la Lune\" src=\"https:\/\/www.lesamesnocturnes.com\/wp-content\/uploads\/2011\/11\/Pierrot.jpg\" alt=\"Pierrot f\u00e2ch\u00e9 avec la Lune\" width=\"500\" height=\"375\" srcset=\"https:\/\/www.lesamesnocturnes.com\/wp-content\/uploads\/2011\/11\/Pierrot.jpg 500w, https:\/\/www.lesamesnocturnes.com\/wp-content\/uploads\/2011\/11\/Pierrot-300x225.jpg 300w\" sizes=\"auto, (max-width: 500px) 100vw, 500px\" \/>Le spectacle <em>Pierrot f\u00e2ch\u00e9 avec la Lune<\/em>, cr\u00e9\u00e9 en janvier 2005 par Julien Lubek et C\u00e9cile Roussat, pour la violoncelliste Oph\u00e9lie Gaillard, pose un regard d\u00e9cal\u00e9 sur la solitude de l&rsquo;artiste en sc\u00e8ne. Partant de la figure embl\u00e9matique du Pierrot, l&rsquo;\u00e9criture du spectacle virevolte entre temps pr\u00e9sent et temps de la repr\u00e9sentation, avec impertinence et po\u00e9sie teint\u00e9e d&rsquo;humour, et une absurdit\u00e9 \u00e9voquant le surr\u00e9alisme.<\/p>\n<p>Quelque part entre Harold Lloyd, Magritte et Debureau, ce voyage entre art clownesque, pantomime et th\u00e9\u00e2tre d&rsquo;objet s&rsquo;accomplit au son du violoncelle d&rsquo;Oph\u00e9lie Gaillard et du piano de Delphine Bardin, interpr\u00e8tes d&rsquo;oeuvres de Debussy et de Janacek.<\/p>\n<p>sur une proposition d&rsquo;<strong>Oph\u00e9lie Gaillard<\/strong> \/ \u00e9criture, mise en sc\u00e8ne et interpr\u00e9tation <strong>Julien Lubek<\/strong> &amp; <strong>C\u00e9cile Roussat<\/strong> \/ violoncelle <strong>Oph\u00e9lie Gaillard<\/strong> \/ piano <strong>Delphine Bardin<\/strong> \/ costumes <strong>Chantal Rousseau<\/strong> \/ accessoires <strong>Fred Jacq<\/strong> \/ lumi\u00e8res <strong>\u00c9tienne Bousquet<\/strong><br \/>\nSpectacle produit par Bartholom\u00e9e productions, direction artistique Oph\u00e9lie Gaillard<\/p>\n<p><!-- default-view.php -->\n<div\n\tclass=\"ngg-galleryoverview default-view  ngg-ajax-pagination-none\"\n\tid=\"ngg-gallery-c2e4d71d0d56dd3d21147135e40da60e-1\">\n\n\t\t<!-- Thumbnails -->\n\t\t\t\t<div id=\"ngg-image-0\" class=\"ngg-gallery-thumbnail-box ngg-8-columns\" >\n\t\t\t\t        <div class=\"ngg-gallery-thumbnail\">\n            <a href=\"https:\/\/www.lesamesnocturnes.com\/wp-content\/gallery\/pierrot\/filmpierrotaix_12_2.jpg\"\n               title=\"\"\n               data-src=\"https:\/\/www.lesamesnocturnes.com\/wp-content\/gallery\/pierrot\/filmpierrotaix_12_2.jpg\"\n               data-thumbnail=\"https:\/\/www.lesamesnocturnes.com\/wp-content\/gallery\/pierrot\/thumbs\/thumbs_filmpierrotaix_12_2.jpg\"\n               data-image-id=\"172\"\n               data-title=\"filmpierrotaix_12_2\"\n               data-description=\"\"\n               data-image-slug=\"filmpierrotaix_12_2\"\n               class=\"shutterset_c2e4d71d0d56dd3d21147135e40da60e\">\n                <img\n                    title=\"filmpierrotaix_12_2\"\n                    alt=\"filmpierrotaix_12_2\"\n                    src=\"https:\/\/www.lesamesnocturnes.com\/wp-content\/gallery\/pierrot\/thumbs\/thumbs_filmpierrotaix_12_2.jpg\"\n                    width=\"100\"\n                    height=\"75\"\n                    style=\"max-width:100%;\"\n                \/>\n            <\/a>\n        <\/div>\n\t\t\t\t\t\t\t<\/div> \n\t\t\t\n\t\t\t\t<div id=\"ngg-image-1\" class=\"ngg-gallery-thumbnail-box ngg-8-columns\" >\n\t\t\t\t        <div class=\"ngg-gallery-thumbnail\">\n            <a href=\"https:\/\/www.lesamesnocturnes.com\/wp-content\/gallery\/pierrot\/filmpierrotaix_27.jpg\"\n               title=\"\"\n               data-src=\"https:\/\/www.lesamesnocturnes.com\/wp-content\/gallery\/pierrot\/filmpierrotaix_27.jpg\"\n               data-thumbnail=\"https:\/\/www.lesamesnocturnes.com\/wp-content\/gallery\/pierrot\/thumbs\/thumbs_filmpierrotaix_27.jpg\"\n               data-image-id=\"174\"\n               data-title=\"filmpierrotaix_27\"\n               data-description=\"\"\n               data-image-slug=\"filmpierrotaix_27\"\n               class=\"shutterset_c2e4d71d0d56dd3d21147135e40da60e\">\n                <img\n                    title=\"filmpierrotaix_27\"\n                    alt=\"filmpierrotaix_27\"\n                    src=\"https:\/\/www.lesamesnocturnes.com\/wp-content\/gallery\/pierrot\/thumbs\/thumbs_filmpierrotaix_27.jpg\"\n                    width=\"100\"\n                    height=\"75\"\n                    style=\"max-width:100%;\"\n                \/>\n            <\/a>\n        <\/div>\n\t\t\t\t\t\t\t<\/div> \n\t\t\t\n\t\t\t\t<div id=\"ngg-image-2\" class=\"ngg-gallery-thumbnail-box ngg-8-columns\" >\n\t\t\t\t        <div class=\"ngg-gallery-thumbnail\">\n            <a href=\"https:\/\/www.lesamesnocturnes.com\/wp-content\/gallery\/pierrot\/filmpierrotaix_35-large.jpg\"\n               title=\"\"\n               data-src=\"https:\/\/www.lesamesnocturnes.com\/wp-content\/gallery\/pierrot\/filmpierrotaix_35-large.jpg\"\n               data-thumbnail=\"https:\/\/www.lesamesnocturnes.com\/wp-content\/gallery\/pierrot\/thumbs\/thumbs_filmpierrotaix_35-large.jpg\"\n               data-image-id=\"175\"\n               data-title=\"filmpierrotaix_35-large\"\n               data-description=\"\"\n               data-image-slug=\"filmpierrotaix_35-large\"\n               class=\"shutterset_c2e4d71d0d56dd3d21147135e40da60e\">\n                <img\n                    title=\"filmpierrotaix_35-large\"\n                    alt=\"filmpierrotaix_35-large\"\n                    src=\"https:\/\/www.lesamesnocturnes.com\/wp-content\/gallery\/pierrot\/thumbs\/thumbs_filmpierrotaix_35-large.jpg\"\n                    width=\"100\"\n                    height=\"75\"\n                    style=\"max-width:100%;\"\n                \/>\n            <\/a>\n        <\/div>\n\t\t\t\t\t\t\t<\/div> \n\t\t\t\n\t\t\t\t<div id=\"ngg-image-3\" class=\"ngg-gallery-thumbnail-box ngg-8-columns\" >\n\t\t\t\t        <div class=\"ngg-gallery-thumbnail\">\n            <a href=\"https:\/\/www.lesamesnocturnes.com\/wp-content\/gallery\/pierrot\/filmpierrotaix_74.jpg\"\n               title=\"\"\n               data-src=\"https:\/\/www.lesamesnocturnes.com\/wp-content\/gallery\/pierrot\/filmpierrotaix_74.jpg\"\n               data-thumbnail=\"https:\/\/www.lesamesnocturnes.com\/wp-content\/gallery\/pierrot\/thumbs\/thumbs_filmpierrotaix_74.jpg\"\n               data-image-id=\"176\"\n               data-title=\"filmpierrotaix_74\"\n               data-description=\"\"\n               data-image-slug=\"filmpierrotaix_74\"\n               class=\"shutterset_c2e4d71d0d56dd3d21147135e40da60e\">\n                <img\n                    title=\"filmpierrotaix_74\"\n                    alt=\"filmpierrotaix_74\"\n                    src=\"https:\/\/www.lesamesnocturnes.com\/wp-content\/gallery\/pierrot\/thumbs\/thumbs_filmpierrotaix_74.jpg\"\n                    width=\"100\"\n                    height=\"75\"\n                    style=\"max-width:100%;\"\n                \/>\n            <\/a>\n        <\/div>\n\t\t\t\t\t\t\t<\/div> \n\t\t\t\n\t\t\t\t<div id=\"ngg-image-4\" class=\"ngg-gallery-thumbnail-box ngg-8-columns\" >\n\t\t\t\t        <div class=\"ngg-gallery-thumbnail\">\n            <a href=\"https:\/\/www.lesamesnocturnes.com\/wp-content\/gallery\/pierrot\/filmpierrotaix_81.jpg\"\n               title=\"\"\n               data-src=\"https:\/\/www.lesamesnocturnes.com\/wp-content\/gallery\/pierrot\/filmpierrotaix_81.jpg\"\n               data-thumbnail=\"https:\/\/www.lesamesnocturnes.com\/wp-content\/gallery\/pierrot\/thumbs\/thumbs_filmpierrotaix_81.jpg\"\n               data-image-id=\"177\"\n               data-title=\"filmpierrotaix_81\"\n               data-description=\"\"\n               data-image-slug=\"filmpierrotaix_81\"\n               class=\"shutterset_c2e4d71d0d56dd3d21147135e40da60e\">\n                <img\n                    title=\"filmpierrotaix_81\"\n                    alt=\"filmpierrotaix_81\"\n                    src=\"https:\/\/www.lesamesnocturnes.com\/wp-content\/gallery\/pierrot\/thumbs\/thumbs_filmpierrotaix_81.jpg\"\n                    width=\"100\"\n                    height=\"75\"\n                    style=\"max-width:100%;\"\n                \/>\n            <\/a>\n        <\/div>\n\t\t\t\t\t\t\t<\/div> \n\t\t\t\n\t\t\t\t<div id=\"ngg-image-5\" class=\"ngg-gallery-thumbnail-box ngg-8-columns\" >\n\t\t\t\t        <div class=\"ngg-gallery-thumbnail\">\n            <a href=\"https:\/\/www.lesamesnocturnes.com\/wp-content\/gallery\/pierrot\/pierrot2.jpg\"\n               title=\"\"\n               data-src=\"https:\/\/www.lesamesnocturnes.com\/wp-content\/gallery\/pierrot\/pierrot2.jpg\"\n               data-thumbnail=\"https:\/\/www.lesamesnocturnes.com\/wp-content\/gallery\/pierrot\/thumbs\/thumbs_pierrot2.jpg\"\n               data-image-id=\"178\"\n               data-title=\"pierrot2\"\n               data-description=\"\"\n               data-image-slug=\"pierrot2\"\n               class=\"shutterset_c2e4d71d0d56dd3d21147135e40da60e\">\n                <img\n                    title=\"pierrot2\"\n                    alt=\"pierrot2\"\n                    src=\"https:\/\/www.lesamesnocturnes.com\/wp-content\/gallery\/pierrot\/thumbs\/thumbs_pierrot2.jpg\"\n                    width=\"100\"\n                    height=\"75\"\n                    style=\"max-width:100%;\"\n                \/>\n            <\/a>\n        <\/div>\n\t\t\t\t\t\t\t<\/div> \n\t\t\t\n\t\t\t\t<div id=\"ngg-image-6\" class=\"ngg-gallery-thumbnail-box ngg-8-columns\" >\n\t\t\t\t        <div class=\"ngg-gallery-thumbnail\">\n            <a href=\"https:\/\/www.lesamesnocturnes.com\/wp-content\/gallery\/pierrot\/pierrot3-custom-size-600-315.jpg\"\n               title=\"\"\n               data-src=\"https:\/\/www.lesamesnocturnes.com\/wp-content\/gallery\/pierrot\/pierrot3-custom-size-600-315.jpg\"\n               data-thumbnail=\"https:\/\/www.lesamesnocturnes.com\/wp-content\/gallery\/pierrot\/thumbs\/thumbs_pierrot3-custom-size-600-315.jpg\"\n               data-image-id=\"179\"\n               data-title=\"pierrot3-custom-size-600-315\"\n               data-description=\"\"\n               data-image-slug=\"pierrot3-custom-size-600-315\"\n               class=\"shutterset_c2e4d71d0d56dd3d21147135e40da60e\">\n                <img\n                    title=\"pierrot3-custom-size-600-315\"\n                    alt=\"pierrot3-custom-size-600-315\"\n                    src=\"https:\/\/www.lesamesnocturnes.com\/wp-content\/gallery\/pierrot\/thumbs\/thumbs_pierrot3-custom-size-600-315.jpg\"\n                    width=\"100\"\n                    height=\"75\"\n                    style=\"max-width:100%;\"\n                \/>\n            <\/a>\n        <\/div>\n\t\t\t\t\t\t\t<\/div> \n\t\t\t\n\t\t\t\t<div id=\"ngg-image-7\" class=\"ngg-gallery-thumbnail-box ngg-8-columns\" >\n\t\t\t\t        <div class=\"ngg-gallery-thumbnail\">\n            <a href=\"https:\/\/www.lesamesnocturnes.com\/wp-content\/gallery\/pierrot\/pierrot7.jpg\"\n               title=\"\"\n               data-src=\"https:\/\/www.lesamesnocturnes.com\/wp-content\/gallery\/pierrot\/pierrot7.jpg\"\n               data-thumbnail=\"https:\/\/www.lesamesnocturnes.com\/wp-content\/gallery\/pierrot\/thumbs\/thumbs_pierrot7.jpg\"\n               data-image-id=\"180\"\n               data-title=\"pierrot7\"\n               data-description=\"\"\n               data-image-slug=\"pierrot7\"\n               class=\"shutterset_c2e4d71d0d56dd3d21147135e40da60e\">\n                <img\n                    title=\"pierrot7\"\n                    alt=\"pierrot7\"\n                    src=\"https:\/\/www.lesamesnocturnes.com\/wp-content\/gallery\/pierrot\/thumbs\/thumbs_pierrot7.jpg\"\n                    width=\"100\"\n                    height=\"75\"\n                    style=\"max-width:100%;\"\n                \/>\n            <\/a>\n        <\/div>\n\t\t\t\t\t\t\t<\/div> \n\t\t\t\n\t\t\t\t<div id=\"ngg-image-8\" class=\"ngg-gallery-thumbnail-box ngg-8-columns\" >\n\t\t\t\t        <div class=\"ngg-gallery-thumbnail\">\n            <a href=\"https:\/\/www.lesamesnocturnes.com\/wp-content\/gallery\/pierrot\/pierrto4.jpg\"\n               title=\"\"\n               data-src=\"https:\/\/www.lesamesnocturnes.com\/wp-content\/gallery\/pierrot\/pierrto4.jpg\"\n               data-thumbnail=\"https:\/\/www.lesamesnocturnes.com\/wp-content\/gallery\/pierrot\/thumbs\/thumbs_pierrto4.jpg\"\n               data-image-id=\"181\"\n               data-title=\"pierrto4\"\n               data-description=\"\"\n               data-image-slug=\"pierrto4\"\n               class=\"shutterset_c2e4d71d0d56dd3d21147135e40da60e\">\n                <img\n                    title=\"pierrto4\"\n                    alt=\"pierrto4\"\n                    src=\"https:\/\/www.lesamesnocturnes.com\/wp-content\/gallery\/pierrot\/thumbs\/thumbs_pierrto4.jpg\"\n                    width=\"100\"\n                    height=\"75\"\n                    style=\"max-width:100%;\"\n                \/>\n            <\/a>\n        <\/div>\n\t\t\t\t\t\t\t<\/div> \n\t\t\t\n\t\n\t<br style=\"clear: both\" \/>\n\n\t\n\t\t<!-- Pagination -->\n\t<div class='ngg-clear'><\/div>\t<\/div>\n<br \/>\nPlus de 30 repr\u00e9sentations entre 2005 et 2009, en France, en Suisse, en Espagne et au Mexique. Spectacle jou\u00e9 en 2007 \u00e0 la Cit\u00e9 de la Musique \u00e0 Paris et en 2009 au Festival Cervantino \u00e0 Mexico.<\/p>\n<p>&gt; <a title=\"site d'Oph\u00e9lie Gaillard\" href=\"http:\/\/www.opheliegaillard.com\/\" target=\"_blank\">site d&rsquo;Oph\u00e9lie Gaillard<\/a><\/p>\n<p><em>Un couple de mime, excellent, nous fait part de ses \u00e9tats d\u2019\u00e2me avec pour seul accessoire une grosse valise et un talent expressif. Un spectacle exigeant et po\u00e9tique<\/em>. <strong>T\u00e9l\u00e9rama<\/strong><\/p>\n<p><em>Comme lorsque la perfection esth\u00e9tique fait se r\u00e9pondre les satisfactions sensorielles, le spectacle r\u00e9alis\u00e9 par Oph\u00e9lie Gaillard, C\u00e9cile Roussat et Julien Lubek gagne le pari de l\u2019\u00e9quilibre et de la compl\u00e9mentarit\u00e9 visuelle et sonore avec d\u00e9licatesse et pr\u00e9cision. La sc\u00e8ne est le creuset d\u2019une transsubstantiation magique o\u00f9 les corps deviennent instruments, et le piano et le violoncelle, acteurs \u00e0 part enti\u00e8re. D\u2019adorables moments de gr\u00e2ce pr\u00e9c\u00e8dent un final confondant d\u2019\u00e9motion, et Roussat et Lubek ma\u00eetrisent avec un talent peu commun toute la palette de leur art<\/em>. <strong>La Terrasse<\/strong><\/p>\n<p><em>Fantaisie musicale hautement r\u00e9jouissante, o\u00f9 les gags c\u00e8dent peu \u00e0 peu la place \u00e0 une mise en sc\u00e8ne po\u00e9tique de la sonate de Debussy. Entretemps, on aura beaucoup ri (\u2026) et admir\u00e9 le talent de ce quatuor de musiciens-com\u00e9diens. Une belle r\u00e9ussite.<\/em> <strong>Le Nouvel Observateur<\/strong><\/p>\n<p><em>On peut rire aux \u00e9clats pendant un concert. Pour preuve, Pierrot f\u00e2ch\u00e9 avec la lune conjugue l&rsquo;\u00e9coute d&rsquo;un riche programme musical (pr\u00e9ludes au piano de Debussy, sonate pour piano et violoncelle, pi\u00e8ces de Janacek) au th\u00e9\u00e2tre gestuel de deux mimes burlesques. Les deux registres se croisent \u00e0 merveille. Les acteurs font jaillir des images de Pierrot, comme une r\u00e9ponse aux \u00e9vocations merveilleuses, ironiques ou parfois violentes de la musique.<\/em> <strong>Figaroscope<\/strong><\/p>\n<p><em>Un spectacle d\u2019une po\u00e9sie rare. Des artistes repr\u00e9sentatifs d\u2019une certaine jeune g\u00e9n\u00e9ration qui illustre \u00e0 merveille le souci actuel de r\u00e9unir les diff\u00e9rents arts de la sc\u00e8ne.<\/em> <strong>Cadences<\/strong><\/p>\n","protected":false},"excerpt":{"rendered":"<p>Le spectacle Pierrot f\u00e2ch\u00e9 avec la Lune, cr\u00e9\u00e9 en janvier 2005 par Julien Lubek et C\u00e9cile Roussat, pour la violoncelliste Oph\u00e9lie Gaillard, pose un regard d\u00e9cal\u00e9 sur la solitude de l&rsquo;artiste en sc\u00e8ne. Partant de la figure embl\u00e9matique du Pierrot, l&rsquo;\u00e9criture du spectacle virevolte entre temps pr\u00e9sent et temps de la repr\u00e9sentation, avec impertinence et [&hellip;]<\/p>\n","protected":false},"author":2,"featured_media":0,"parent":0,"menu_order":0,"comment_status":"open","ping_status":"open","template":"","meta":{"ngg_post_thumbnail":0,"footnotes":""},"class_list":["post-225","page","type-page","status-publish","hentry"],"_links":{"self":[{"href":"https:\/\/www.lesamesnocturnes.com\/index.php?rest_route=\/wp\/v2\/pages\/225","targetHints":{"allow":["GET"]}}],"collection":[{"href":"https:\/\/www.lesamesnocturnes.com\/index.php?rest_route=\/wp\/v2\/pages"}],"about":[{"href":"https:\/\/www.lesamesnocturnes.com\/index.php?rest_route=\/wp\/v2\/types\/page"}],"author":[{"embeddable":true,"href":"https:\/\/www.lesamesnocturnes.com\/index.php?rest_route=\/wp\/v2\/users\/2"}],"replies":[{"embeddable":true,"href":"https:\/\/www.lesamesnocturnes.com\/index.php?rest_route=%2Fwp%2Fv2%2Fcomments&post=225"}],"version-history":[{"count":6,"href":"https:\/\/www.lesamesnocturnes.com\/index.php?rest_route=\/wp\/v2\/pages\/225\/revisions"}],"predecessor-version":[{"id":434,"href":"https:\/\/www.lesamesnocturnes.com\/index.php?rest_route=\/wp\/v2\/pages\/225\/revisions\/434"}],"wp:attachment":[{"href":"https:\/\/www.lesamesnocturnes.com\/index.php?rest_route=%2Fwp%2Fv2%2Fmedia&parent=225"}],"curies":[{"name":"wp","href":"https:\/\/api.w.org\/{rel}","templated":true}]}}