{"id":168,"date":"2011-11-02T20:31:23","date_gmt":"2011-11-02T20:31:23","guid":{"rendered":"https:\/\/www.lesamesnocturnes.com\/?page_id=168"},"modified":"2013-08-22T09:12:42","modified_gmt":"2013-08-22T09:12:42","slug":"musenna-les-miroirs-du-levant","status":"publish","type":"page","link":"https:\/\/www.lesamesnocturnes.com\/?page_id=168","title":{"rendered":"M\u00fcsenn\u00e2, Les Miroirs du Levant"},"content":{"rendered":"<p><img loading=\"lazy\" decoding=\"async\" class=\"alignleft size-full wp-image-169\" title=\"Musenna\" src=\"https:\/\/www.lesamesnocturnes.com\/wp-content\/uploads\/2011\/11\/musenna_.jpg\" alt=\"Musenna\" width=\"500\" height=\"333\" srcset=\"https:\/\/www.lesamesnocturnes.com\/wp-content\/uploads\/2011\/11\/musenna_.jpg 500w, https:\/\/www.lesamesnocturnes.com\/wp-content\/uploads\/2011\/11\/musenna_-300x199.jpg 300w\" sizes=\"auto, (max-width: 500px) 100vw, 500px\" \/><\/p>\n<p><em>F\u00eates et divertissements \u00e0 Istanbul au XVIIe si\u00e8cle<\/em> rassemblant vingt et un artistes sur le plateau, musiciens, chanteurs, mimes, com\u00e9diens, acrobates et danseurs, fran\u00e7ais et turcs.<\/p>\n<p>Spectacle cr\u00e9\u00e9 dans le cadre de la Saison de la Turquie en France 2009<br \/>\n\u00c9crit et mis en sc\u00e8ne par <strong>C\u00e9cile Roussat<\/strong> &amp; <strong>Julien Lubek<\/strong>,<br \/>\nsur une proposition originale de <strong>Chim\u00e8ne Seymen<\/strong><\/p>\n<p><em>M\u00fcsenn\u00e2<\/em> \u2013 nom donn\u00e9 \u00e0 l\u2019\u00e9criture \u00ab en miroir \u00bb de la calligraphie turque du XVIIe si\u00e8cle \u2013 est un spectacle pluridisciplinaire dans lequel se refl\u00e8te la rencontre de l\u2019Orient et de l\u2019Occident dans la ville cosmopolite d\u2019Istanbul. Le spectateur y suit l\u2019arriv\u00e9e d\u2019un sujet de Louis XIV et sa d\u00e9couverte des f\u00eates et lieux de plaisirs de la capitale ottomane.<\/p>\n<p>Le spectacle de la rue offre au regard \u00e9merveill\u00e9 et interloqu\u00e9 du voyageur un cort\u00e8ge de personnages burlesques, masques grotesques, marionnettes g\u00e9antes et cerfs volants, des d\u00e9monstrations de mime et d\u2019acrobatie, qui se fondent dans ces tableaux de musique et de danse. Sur la sc\u00e8ne, le th\u00e9\u00e2tre d\u2019ombres \u00ab Karag\u00f6z \u00bb rivalise de verve et de sarcasmes avec les farces de Moli\u00e8re repr\u00e9sent\u00e9es au palais de France. L\u2019ensemble de musique ottomane r\u00e9pond \u00e0 l\u2019ensemble de musique baroque sur instruments anciens, les danses traditionnelles turques rencontrent et dialoguent avec la danse renaissance et baroque, les airs populaires et savants tissent un univers po\u00e9tique et sensible en alternant chant baroque et chant oriental.<\/p>\n<p>Loin des Turqueries ou de l\u2019Orientalisme, <em>M\u00fcsenn\u00e2<\/em> invite le spectateur \u00e0 un voyage baroque au Levant, sur les traces des t\u00e9moignages \u00e9crits et iconographiques du XVIIe si\u00e8cle.<\/p>\n<p>La cr\u00e9ation a eu lieu le 25 ao\u00fbt 2009 en ouverture du Festival de Sabl\u00e9-sur-Sarthe, en pr\u00e9sence du ministre de la Culture, Fr\u00e9d\u00e9ric Mitterrand enthousiaste (\u00ab <em>un spectacle absolument formidable<\/em> \u00bb) et a cl\u00f4t la Saison de la Turquie en France \u00e0 l&rsquo;Op\u00e9ra Royal du ch\u00e2teau de Versailles, le 6 avril 2010.<\/p>\n<!-- default-view.php -->\n<div\n\tclass=\"ngg-galleryoverview default-view  ngg-ajax-pagination-none\"\n\tid=\"ngg-gallery-7f382c717fbb32d3df6749d21ca30e42-1\">\n\n\t\t<!-- Thumbnails -->\n\t\t\t\t<div id=\"ngg-image-0\" class=\"ngg-gallery-thumbnail-box ngg-8-columns\" >\n\t\t\t\t        <div class=\"ngg-gallery-thumbnail\">\n            <a href=\"https:\/\/www.lesamesnocturnes.com\/wp-content\/gallery\/musenna\/musenna_10g_pallancher.jpg\"\n               title=\"Repr\u00e9sentation de M\u00fcsenn\u00e2\"\n               data-src=\"https:\/\/www.lesamesnocturnes.com\/wp-content\/gallery\/musenna\/musenna_10g_pallancher.jpg\"\n               data-thumbnail=\"https:\/\/www.lesamesnocturnes.com\/wp-content\/gallery\/musenna\/thumbs\/thumbs_musenna_10g_pallancher.jpg\"\n               data-image-id=\"22\"\n               data-title=\"musenna_10g_pallancher\"\n               data-description=\"Repr\u00e9sentation de M\u00fcsenn\u00e2\"\n               data-image-slug=\"musenna_10g_pallancher\"\n               class=\"shutterset_7f382c717fbb32d3df6749d21ca30e42\">\n                <img\n                    title=\"musenna_10g_pallancher\"\n                    alt=\"musenna_10g_pallancher\"\n                    src=\"https:\/\/www.lesamesnocturnes.com\/wp-content\/gallery\/musenna\/thumbs\/thumbs_musenna_10g_pallancher.jpg\"\n                    width=\"100\"\n                    height=\"75\"\n                    style=\"max-width:100%;\"\n                \/>\n            <\/a>\n        <\/div>\n\t\t\t\t\t\t\t<\/div> \n\t\t\t\n\t\t\t\t<div id=\"ngg-image-1\" class=\"ngg-gallery-thumbnail-box ngg-8-columns\" >\n\t\t\t\t        <div class=\"ngg-gallery-thumbnail\">\n            <a href=\"https:\/\/www.lesamesnocturnes.com\/wp-content\/gallery\/musenna\/musenna_11g_pallancher.jpg\"\n               title=\"Repr\u00e9sentation de M\u00fcsenn\u00e2\"\n               data-src=\"https:\/\/www.lesamesnocturnes.com\/wp-content\/gallery\/musenna\/musenna_11g_pallancher.jpg\"\n               data-thumbnail=\"https:\/\/www.lesamesnocturnes.com\/wp-content\/gallery\/musenna\/thumbs\/thumbs_musenna_11g_pallancher.jpg\"\n               data-image-id=\"23\"\n               data-title=\"musenna_11g_pallancher\"\n               data-description=\"Repr\u00e9sentation de M\u00fcsenn\u00e2\"\n               data-image-slug=\"musenna_11g_pallancher\"\n               class=\"shutterset_7f382c717fbb32d3df6749d21ca30e42\">\n                <img\n                    title=\"musenna_11g_pallancher\"\n                    alt=\"musenna_11g_pallancher\"\n                    src=\"https:\/\/www.lesamesnocturnes.com\/wp-content\/gallery\/musenna\/thumbs\/thumbs_musenna_11g_pallancher.jpg\"\n                    width=\"100\"\n                    height=\"75\"\n                    style=\"max-width:100%;\"\n                \/>\n            <\/a>\n        <\/div>\n\t\t\t\t\t\t\t<\/div> \n\t\t\t\n\t\t\t\t<div id=\"ngg-image-2\" class=\"ngg-gallery-thumbnail-box ngg-8-columns\" >\n\t\t\t\t        <div class=\"ngg-gallery-thumbnail\">\n            <a href=\"https:\/\/www.lesamesnocturnes.com\/wp-content\/gallery\/musenna\/musenna_12g_pallancher.jpg\"\n               title=\"Repr\u00e9sentation de M\u00fcsenn\u00e2\"\n               data-src=\"https:\/\/www.lesamesnocturnes.com\/wp-content\/gallery\/musenna\/musenna_12g_pallancher.jpg\"\n               data-thumbnail=\"https:\/\/www.lesamesnocturnes.com\/wp-content\/gallery\/musenna\/thumbs\/thumbs_musenna_12g_pallancher.jpg\"\n               data-image-id=\"24\"\n               data-title=\"musenna_12g_pallancher\"\n               data-description=\"Repr\u00e9sentation de M\u00fcsenn\u00e2\"\n               data-image-slug=\"musenna_12g_pallancher\"\n               class=\"shutterset_7f382c717fbb32d3df6749d21ca30e42\">\n                <img\n                    title=\"musenna_12g_pallancher\"\n                    alt=\"musenna_12g_pallancher\"\n                    src=\"https:\/\/www.lesamesnocturnes.com\/wp-content\/gallery\/musenna\/thumbs\/thumbs_musenna_12g_pallancher.jpg\"\n                    width=\"100\"\n                    height=\"75\"\n                    style=\"max-width:100%;\"\n                \/>\n            <\/a>\n        <\/div>\n\t\t\t\t\t\t\t<\/div> \n\t\t\t\n\t\t\t\t<div id=\"ngg-image-3\" class=\"ngg-gallery-thumbnail-box ngg-8-columns\" >\n\t\t\t\t        <div class=\"ngg-gallery-thumbnail\">\n            <a href=\"https:\/\/www.lesamesnocturnes.com\/wp-content\/gallery\/musenna\/musenna_13g_pallancher.jpg\"\n               title=\"Repr\u00e9sentation de M\u00fcsenn\u00e2\"\n               data-src=\"https:\/\/www.lesamesnocturnes.com\/wp-content\/gallery\/musenna\/musenna_13g_pallancher.jpg\"\n               data-thumbnail=\"https:\/\/www.lesamesnocturnes.com\/wp-content\/gallery\/musenna\/thumbs\/thumbs_musenna_13g_pallancher.jpg\"\n               data-image-id=\"25\"\n               data-title=\"musenna_13g_pallancher\"\n               data-description=\"Repr\u00e9sentation de M\u00fcsenn\u00e2\"\n               data-image-slug=\"musenna_13g_pallancher\"\n               class=\"shutterset_7f382c717fbb32d3df6749d21ca30e42\">\n                <img\n                    title=\"musenna_13g_pallancher\"\n                    alt=\"musenna_13g_pallancher\"\n                    src=\"https:\/\/www.lesamesnocturnes.com\/wp-content\/gallery\/musenna\/thumbs\/thumbs_musenna_13g_pallancher.jpg\"\n                    width=\"100\"\n                    height=\"75\"\n                    style=\"max-width:100%;\"\n                \/>\n            <\/a>\n        <\/div>\n\t\t\t\t\t\t\t<\/div> \n\t\t\t\n\t\t\t\t<div id=\"ngg-image-4\" class=\"ngg-gallery-thumbnail-box ngg-8-columns\" >\n\t\t\t\t        <div class=\"ngg-gallery-thumbnail\">\n            <a href=\"https:\/\/www.lesamesnocturnes.com\/wp-content\/gallery\/musenna\/musenna_14g_pallancher.jpg\"\n               title=\"Repr\u00e9sentation de M\u00fcsenn\u00e2\"\n               data-src=\"https:\/\/www.lesamesnocturnes.com\/wp-content\/gallery\/musenna\/musenna_14g_pallancher.jpg\"\n               data-thumbnail=\"https:\/\/www.lesamesnocturnes.com\/wp-content\/gallery\/musenna\/thumbs\/thumbs_musenna_14g_pallancher.jpg\"\n               data-image-id=\"26\"\n               data-title=\"musenna_14g_pallancher\"\n               data-description=\"Repr\u00e9sentation de M\u00fcsenn\u00e2\"\n               data-image-slug=\"musenna_14g_pallancher\"\n               class=\"shutterset_7f382c717fbb32d3df6749d21ca30e42\">\n                <img\n                    title=\"musenna_14g_pallancher\"\n                    alt=\"musenna_14g_pallancher\"\n                    src=\"https:\/\/www.lesamesnocturnes.com\/wp-content\/gallery\/musenna\/thumbs\/thumbs_musenna_14g_pallancher.jpg\"\n                    width=\"100\"\n                    height=\"75\"\n                    style=\"max-width:100%;\"\n                \/>\n            <\/a>\n        <\/div>\n\t\t\t\t\t\t\t<\/div> \n\t\t\t\n\t\t\t\t<div id=\"ngg-image-5\" class=\"ngg-gallery-thumbnail-box ngg-8-columns\" >\n\t\t\t\t        <div class=\"ngg-gallery-thumbnail\">\n            <a href=\"https:\/\/www.lesamesnocturnes.com\/wp-content\/gallery\/musenna\/musenna_15g_pallancher.jpg\"\n               title=\"Repr\u00e9sentation de M\u00fcsenn\u00e2\"\n               data-src=\"https:\/\/www.lesamesnocturnes.com\/wp-content\/gallery\/musenna\/musenna_15g_pallancher.jpg\"\n               data-thumbnail=\"https:\/\/www.lesamesnocturnes.com\/wp-content\/gallery\/musenna\/thumbs\/thumbs_musenna_15g_pallancher.jpg\"\n               data-image-id=\"27\"\n               data-title=\"musenna_15g_pallancher\"\n               data-description=\"Repr\u00e9sentation de M\u00fcsenn\u00e2\"\n               data-image-slug=\"musenna_15g_pallancher\"\n               class=\"shutterset_7f382c717fbb32d3df6749d21ca30e42\">\n                <img\n                    title=\"musenna_15g_pallancher\"\n                    alt=\"musenna_15g_pallancher\"\n                    src=\"https:\/\/www.lesamesnocturnes.com\/wp-content\/gallery\/musenna\/thumbs\/thumbs_musenna_15g_pallancher.jpg\"\n                    width=\"100\"\n                    height=\"75\"\n                    style=\"max-width:100%;\"\n                \/>\n            <\/a>\n        <\/div>\n\t\t\t\t\t\t\t<\/div> \n\t\t\t\n\t\t\t\t<div id=\"ngg-image-6\" class=\"ngg-gallery-thumbnail-box ngg-8-columns\" >\n\t\t\t\t        <div class=\"ngg-gallery-thumbnail\">\n            <a href=\"https:\/\/www.lesamesnocturnes.com\/wp-content\/gallery\/musenna\/musenna_16g_pallancher.jpg\"\n               title=\"Repr\u00e9sentation de M\u00fcsenn\u00e2\"\n               data-src=\"https:\/\/www.lesamesnocturnes.com\/wp-content\/gallery\/musenna\/musenna_16g_pallancher.jpg\"\n               data-thumbnail=\"https:\/\/www.lesamesnocturnes.com\/wp-content\/gallery\/musenna\/thumbs\/thumbs_musenna_16g_pallancher.jpg\"\n               data-image-id=\"28\"\n               data-title=\"musenna_16g_pallancher\"\n               data-description=\"Repr\u00e9sentation de M\u00fcsenn\u00e2\"\n               data-image-slug=\"musenna_16g_pallancher\"\n               class=\"shutterset_7f382c717fbb32d3df6749d21ca30e42\">\n                <img\n                    title=\"musenna_16g_pallancher\"\n                    alt=\"musenna_16g_pallancher\"\n                    src=\"https:\/\/www.lesamesnocturnes.com\/wp-content\/gallery\/musenna\/thumbs\/thumbs_musenna_16g_pallancher.jpg\"\n                    width=\"100\"\n                    height=\"75\"\n                    style=\"max-width:100%;\"\n                \/>\n            <\/a>\n        <\/div>\n\t\t\t\t\t\t\t<\/div> \n\t\t\t\n\t\t\t\t<div id=\"ngg-image-7\" class=\"ngg-gallery-thumbnail-box ngg-8-columns\" >\n\t\t\t\t        <div class=\"ngg-gallery-thumbnail\">\n            <a href=\"https:\/\/www.lesamesnocturnes.com\/wp-content\/gallery\/musenna\/musenna_2g_pallancher.jpg\"\n               title=\"Repr\u00e9sentation de M\u00fcsenn\u00e2\"\n               data-src=\"https:\/\/www.lesamesnocturnes.com\/wp-content\/gallery\/musenna\/musenna_2g_pallancher.jpg\"\n               data-thumbnail=\"https:\/\/www.lesamesnocturnes.com\/wp-content\/gallery\/musenna\/thumbs\/thumbs_musenna_2g_pallancher.jpg\"\n               data-image-id=\"29\"\n               data-title=\"musenna_2g_pallancher\"\n               data-description=\"Repr\u00e9sentation de M\u00fcsenn\u00e2\"\n               data-image-slug=\"musenna_2g_pallancher\"\n               class=\"shutterset_7f382c717fbb32d3df6749d21ca30e42\">\n                <img\n                    title=\"musenna_2g_pallancher\"\n                    alt=\"musenna_2g_pallancher\"\n                    src=\"https:\/\/www.lesamesnocturnes.com\/wp-content\/gallery\/musenna\/thumbs\/thumbs_musenna_2g_pallancher.jpg\"\n                    width=\"100\"\n                    height=\"75\"\n                    style=\"max-width:100%;\"\n                \/>\n            <\/a>\n        <\/div>\n\t\t\t\t\t\t\t<\/div> \n\t\t\t\n\t\t\t\t<div id=\"ngg-image-8\" class=\"ngg-gallery-thumbnail-box ngg-8-columns\" >\n\t\t\t\t        <div class=\"ngg-gallery-thumbnail\">\n            <a href=\"https:\/\/www.lesamesnocturnes.com\/wp-content\/gallery\/musenna\/musenna_3g_pallancher.jpg\"\n               title=\"Repr\u00e9sentation de M\u00fcsenn\u00e2\"\n               data-src=\"https:\/\/www.lesamesnocturnes.com\/wp-content\/gallery\/musenna\/musenna_3g_pallancher.jpg\"\n               data-thumbnail=\"https:\/\/www.lesamesnocturnes.com\/wp-content\/gallery\/musenna\/thumbs\/thumbs_musenna_3g_pallancher.jpg\"\n               data-image-id=\"30\"\n               data-title=\"musenna_3g_pallancher\"\n               data-description=\"Repr\u00e9sentation de M\u00fcsenn\u00e2\"\n               data-image-slug=\"musenna_3g_pallancher\"\n               class=\"shutterset_7f382c717fbb32d3df6749d21ca30e42\">\n                <img\n                    title=\"musenna_3g_pallancher\"\n                    alt=\"musenna_3g_pallancher\"\n                    src=\"https:\/\/www.lesamesnocturnes.com\/wp-content\/gallery\/musenna\/thumbs\/thumbs_musenna_3g_pallancher.jpg\"\n                    width=\"100\"\n                    height=\"75\"\n                    style=\"max-width:100%;\"\n                \/>\n            <\/a>\n        <\/div>\n\t\t\t\t\t\t\t<\/div> \n\t\t\t\n\t\t\t\t<div id=\"ngg-image-9\" class=\"ngg-gallery-thumbnail-box ngg-8-columns\" >\n\t\t\t\t        <div class=\"ngg-gallery-thumbnail\">\n            <a href=\"https:\/\/www.lesamesnocturnes.com\/wp-content\/gallery\/musenna\/musenna_4g_pallancher.jpg\"\n               title=\"Repr\u00e9sentation de M\u00fcsenn\u00e2\"\n               data-src=\"https:\/\/www.lesamesnocturnes.com\/wp-content\/gallery\/musenna\/musenna_4g_pallancher.jpg\"\n               data-thumbnail=\"https:\/\/www.lesamesnocturnes.com\/wp-content\/gallery\/musenna\/thumbs\/thumbs_musenna_4g_pallancher.jpg\"\n               data-image-id=\"31\"\n               data-title=\"musenna_4g_pallancher\"\n               data-description=\"Repr\u00e9sentation de M\u00fcsenn\u00e2\"\n               data-image-slug=\"musenna_4g_pallancher\"\n               class=\"shutterset_7f382c717fbb32d3df6749d21ca30e42\">\n                <img\n                    title=\"musenna_4g_pallancher\"\n                    alt=\"musenna_4g_pallancher\"\n                    src=\"https:\/\/www.lesamesnocturnes.com\/wp-content\/gallery\/musenna\/thumbs\/thumbs_musenna_4g_pallancher.jpg\"\n                    width=\"100\"\n                    height=\"75\"\n                    style=\"max-width:100%;\"\n                \/>\n            <\/a>\n        <\/div>\n\t\t\t\t\t\t\t<\/div> \n\t\t\t\n\t\t\t\t<div id=\"ngg-image-10\" class=\"ngg-gallery-thumbnail-box ngg-8-columns\" >\n\t\t\t\t        <div class=\"ngg-gallery-thumbnail\">\n            <a href=\"https:\/\/www.lesamesnocturnes.com\/wp-content\/gallery\/musenna\/musenna_5g_pallancher.jpg\"\n               title=\"Repr\u00e9sentation de M\u00fcsenn\u00e2\"\n               data-src=\"https:\/\/www.lesamesnocturnes.com\/wp-content\/gallery\/musenna\/musenna_5g_pallancher.jpg\"\n               data-thumbnail=\"https:\/\/www.lesamesnocturnes.com\/wp-content\/gallery\/musenna\/thumbs\/thumbs_musenna_5g_pallancher.jpg\"\n               data-image-id=\"32\"\n               data-title=\"musenna_5g_pallancher\"\n               data-description=\"Repr\u00e9sentation de M\u00fcsenn\u00e2\"\n               data-image-slug=\"musenna_5g_pallancher\"\n               class=\"shutterset_7f382c717fbb32d3df6749d21ca30e42\">\n                <img\n                    title=\"musenna_5g_pallancher\"\n                    alt=\"musenna_5g_pallancher\"\n                    src=\"https:\/\/www.lesamesnocturnes.com\/wp-content\/gallery\/musenna\/thumbs\/thumbs_musenna_5g_pallancher.jpg\"\n                    width=\"100\"\n                    height=\"75\"\n                    style=\"max-width:100%;\"\n                \/>\n            <\/a>\n        <\/div>\n\t\t\t\t\t\t\t<\/div> \n\t\t\t\n\t\t\t\t<div id=\"ngg-image-11\" class=\"ngg-gallery-thumbnail-box ngg-8-columns\" >\n\t\t\t\t        <div class=\"ngg-gallery-thumbnail\">\n            <a href=\"https:\/\/www.lesamesnocturnes.com\/wp-content\/gallery\/musenna\/musenna_6g_pallancher.jpg\"\n               title=\"Repr\u00e9sentation de M\u00fcsenn\u00e2\"\n               data-src=\"https:\/\/www.lesamesnocturnes.com\/wp-content\/gallery\/musenna\/musenna_6g_pallancher.jpg\"\n               data-thumbnail=\"https:\/\/www.lesamesnocturnes.com\/wp-content\/gallery\/musenna\/thumbs\/thumbs_musenna_6g_pallancher.jpg\"\n               data-image-id=\"33\"\n               data-title=\"musenna_6g_pallancher\"\n               data-description=\"Repr\u00e9sentation de M\u00fcsenn\u00e2\"\n               data-image-slug=\"musenna_6g_pallancher\"\n               class=\"shutterset_7f382c717fbb32d3df6749d21ca30e42\">\n                <img\n                    title=\"musenna_6g_pallancher\"\n                    alt=\"musenna_6g_pallancher\"\n                    src=\"https:\/\/www.lesamesnocturnes.com\/wp-content\/gallery\/musenna\/thumbs\/thumbs_musenna_6g_pallancher.jpg\"\n                    width=\"100\"\n                    height=\"75\"\n                    style=\"max-width:100%;\"\n                \/>\n            <\/a>\n        <\/div>\n\t\t\t\t\t\t\t<\/div> \n\t\t\t\n\t\t\t\t<div id=\"ngg-image-12\" class=\"ngg-gallery-thumbnail-box ngg-8-columns\" >\n\t\t\t\t        <div class=\"ngg-gallery-thumbnail\">\n            <a href=\"https:\/\/www.lesamesnocturnes.com\/wp-content\/gallery\/musenna\/musenna_7g_pallancher.jpg\"\n               title=\"Repr\u00e9sentation de M\u00fcsenn\u00e2\"\n               data-src=\"https:\/\/www.lesamesnocturnes.com\/wp-content\/gallery\/musenna\/musenna_7g_pallancher.jpg\"\n               data-thumbnail=\"https:\/\/www.lesamesnocturnes.com\/wp-content\/gallery\/musenna\/thumbs\/thumbs_musenna_7g_pallancher.jpg\"\n               data-image-id=\"34\"\n               data-title=\"musenna_7g_pallancher\"\n               data-description=\"Repr\u00e9sentation de M\u00fcsenn\u00e2\"\n               data-image-slug=\"musenna_7g_pallancher\"\n               class=\"shutterset_7f382c717fbb32d3df6749d21ca30e42\">\n                <img\n                    title=\"musenna_7g_pallancher\"\n                    alt=\"musenna_7g_pallancher\"\n                    src=\"https:\/\/www.lesamesnocturnes.com\/wp-content\/gallery\/musenna\/thumbs\/thumbs_musenna_7g_pallancher.jpg\"\n                    width=\"100\"\n                    height=\"75\"\n                    style=\"max-width:100%;\"\n                \/>\n            <\/a>\n        <\/div>\n\t\t\t\t\t\t\t<\/div> \n\t\t\t\n\t\t\t\t<div id=\"ngg-image-13\" class=\"ngg-gallery-thumbnail-box ngg-8-columns\" >\n\t\t\t\t        <div class=\"ngg-gallery-thumbnail\">\n            <a href=\"https:\/\/www.lesamesnocturnes.com\/wp-content\/gallery\/musenna\/musenna_8g_pallancher.jpg\"\n               title=\"Repr\u00e9sentation de M\u00fcsenn\u00e2\"\n               data-src=\"https:\/\/www.lesamesnocturnes.com\/wp-content\/gallery\/musenna\/musenna_8g_pallancher.jpg\"\n               data-thumbnail=\"https:\/\/www.lesamesnocturnes.com\/wp-content\/gallery\/musenna\/thumbs\/thumbs_musenna_8g_pallancher.jpg\"\n               data-image-id=\"35\"\n               data-title=\"musenna_8g_pallancher\"\n               data-description=\"Repr\u00e9sentation de M\u00fcsenn\u00e2\"\n               data-image-slug=\"musenna_8g_pallancher\"\n               class=\"shutterset_7f382c717fbb32d3df6749d21ca30e42\">\n                <img\n                    title=\"musenna_8g_pallancher\"\n                    alt=\"musenna_8g_pallancher\"\n                    src=\"https:\/\/www.lesamesnocturnes.com\/wp-content\/gallery\/musenna\/thumbs\/thumbs_musenna_8g_pallancher.jpg\"\n                    width=\"100\"\n                    height=\"75\"\n                    style=\"max-width:100%;\"\n                \/>\n            <\/a>\n        <\/div>\n\t\t\t\t\t\t\t<\/div> \n\t\t\t\n\t\t\t\t<div id=\"ngg-image-14\" class=\"ngg-gallery-thumbnail-box ngg-8-columns\" >\n\t\t\t\t        <div class=\"ngg-gallery-thumbnail\">\n            <a href=\"https:\/\/www.lesamesnocturnes.com\/wp-content\/gallery\/musenna\/musenna_9g_pallancher.jpg\"\n               title=\"Repr\u00e9sentation de M\u00fcsenn\u00e2\"\n               data-src=\"https:\/\/www.lesamesnocturnes.com\/wp-content\/gallery\/musenna\/musenna_9g_pallancher.jpg\"\n               data-thumbnail=\"https:\/\/www.lesamesnocturnes.com\/wp-content\/gallery\/musenna\/thumbs\/thumbs_musenna_9g_pallancher.jpg\"\n               data-image-id=\"36\"\n               data-title=\"musenna_9g_pallancher\"\n               data-description=\"Repr\u00e9sentation de M\u00fcsenn\u00e2\"\n               data-image-slug=\"musenna_9g_pallancher\"\n               class=\"shutterset_7f382c717fbb32d3df6749d21ca30e42\">\n                <img\n                    title=\"musenna_9g_pallancher\"\n                    alt=\"musenna_9g_pallancher\"\n                    src=\"https:\/\/www.lesamesnocturnes.com\/wp-content\/gallery\/musenna\/thumbs\/thumbs_musenna_9g_pallancher.jpg\"\n                    width=\"100\"\n                    height=\"75\"\n                    style=\"max-width:100%;\"\n                \/>\n            <\/a>\n        <\/div>\n\t\t\t\t\t\t\t<\/div> \n\t\t\t\n\t\t\t\t<div id=\"ngg-image-15\" class=\"ngg-gallery-thumbnail-box ngg-8-columns\" >\n\t\t\t\t        <div class=\"ngg-gallery-thumbnail\">\n            <a href=\"https:\/\/www.lesamesnocturnes.com\/wp-content\/gallery\/musenna\/musenna_17g_pallancher.jpg\"\n               title=\"\"\n               data-src=\"https:\/\/www.lesamesnocturnes.com\/wp-content\/gallery\/musenna\/musenna_17g_pallancher.jpg\"\n               data-thumbnail=\"https:\/\/www.lesamesnocturnes.com\/wp-content\/gallery\/musenna\/thumbs\/thumbs_musenna_17g_pallancher.jpg\"\n               data-image-id=\"39\"\n               data-title=\"musenna_17g_pallancher\"\n               data-description=\"\"\n               data-image-slug=\"musenna_17g_pallancher\"\n               class=\"shutterset_7f382c717fbb32d3df6749d21ca30e42\">\n                <img\n                    title=\"musenna_17g_pallancher\"\n                    alt=\"musenna_17g_pallancher\"\n                    src=\"https:\/\/www.lesamesnocturnes.com\/wp-content\/gallery\/musenna\/thumbs\/thumbs_musenna_17g_pallancher.jpg\"\n                    width=\"100\"\n                    height=\"75\"\n                    style=\"max-width:100%;\"\n                \/>\n            <\/a>\n        <\/div>\n\t\t\t\t\t\t\t<\/div> \n\t\t\t\n\t\n\t<br style=\"clear: both\" \/>\n\n\t\n\t\t<!-- Pagination -->\n\t<div class='ngg-clear'><\/div>\t<\/div>\n\n","protected":false},"excerpt":{"rendered":"<p>F\u00eates et divertissements \u00e0 Istanbul au XVIIe si\u00e8cle rassemblant vingt et un artistes sur le plateau, musiciens, chanteurs, mimes, com\u00e9diens, acrobates et danseurs, fran\u00e7ais et turcs. Spectacle cr\u00e9\u00e9 dans le cadre de la Saison de la Turquie en France 2009 \u00c9crit et mis en sc\u00e8ne par C\u00e9cile Roussat &amp; Julien Lubek, sur une proposition originale [&hellip;]<\/p>\n","protected":false},"author":2,"featured_media":0,"parent":0,"menu_order":0,"comment_status":"open","ping_status":"open","template":"","meta":{"ngg_post_thumbnail":0,"footnotes":""},"class_list":["post-168","page","type-page","status-publish","hentry"],"_links":{"self":[{"href":"https:\/\/www.lesamesnocturnes.com\/index.php?rest_route=\/wp\/v2\/pages\/168","targetHints":{"allow":["GET"]}}],"collection":[{"href":"https:\/\/www.lesamesnocturnes.com\/index.php?rest_route=\/wp\/v2\/pages"}],"about":[{"href":"https:\/\/www.lesamesnocturnes.com\/index.php?rest_route=\/wp\/v2\/types\/page"}],"author":[{"embeddable":true,"href":"https:\/\/www.lesamesnocturnes.com\/index.php?rest_route=\/wp\/v2\/users\/2"}],"replies":[{"embeddable":true,"href":"https:\/\/www.lesamesnocturnes.com\/index.php?rest_route=%2Fwp%2Fv2%2Fcomments&post=168"}],"version-history":[{"count":5,"href":"https:\/\/www.lesamesnocturnes.com\/index.php?rest_route=\/wp\/v2\/pages\/168\/revisions"}],"predecessor-version":[{"id":412,"href":"https:\/\/www.lesamesnocturnes.com\/index.php?rest_route=\/wp\/v2\/pages\/168\/revisions\/412"}],"wp:attachment":[{"href":"https:\/\/www.lesamesnocturnes.com\/index.php?rest_route=%2Fwp%2Fv2%2Fmedia&parent=168"}],"curies":[{"name":"wp","href":"https:\/\/api.w.org\/{rel}","templated":true}]}}