{"id":1269,"date":"2022-09-28T22:20:12","date_gmt":"2022-09-28T22:20:12","guid":{"rendered":"https:\/\/www.lesamesnocturnes.com\/?page_id=1269"},"modified":"2022-10-06T13:27:31","modified_gmt":"2022-10-06T13:27:31","slug":"dreams","status":"publish","type":"page","link":"https:\/\/www.lesamesnocturnes.com\/?page_id=1269","title":{"rendered":"Dreams"},"content":{"rendered":"\n<div class=\"wp-block-group is-vertical is-layout-flex wp-container-core-group-is-layout-8cf370e7 wp-block-group-is-layout-flex\">\n<div class=\"wp-block-group\"><div class=\"wp-block-group__inner-container is-layout-flow wp-block-group-is-layout-flow\">\n<p><strong>Coproduction 2020 Le Banquet C\u00e9leste \/ Op\u00e9ra de Rennes<\/strong><\/p>\n\n\n\n<p><strong>Conception visuelle, \u00e9criture et mise en sc\u00e8ne: C\u00e9cile Roussat &amp; Julien Lubek<\/strong><\/p>\n\n\n\n<p><strong>Direction musicale: Damien Guillon<\/strong><\/p>\n\n\n\n<blockquote class=\"wp-block-quote is-layout-flow wp-block-quote-is-layout-flow\"><p><strong>F\u00e9erie visuelle et musicale pour 1 contre-t\u00e9nor, un danseur acrobate et 3 musiciens baroques. <\/strong><\/p><\/blockquote>\n<\/div><\/div>\n\n\n\n<div class=\"wp-block-buttons is-layout-flex wp-block-buttons-is-layout-flex\">\n<div class=\"wp-block-button\"><a class=\"wp-block-button__link\" href=\"https:\/\/www.forumopera.com\/dreams-rennes-un-court-instant-infini-pour-re-enchanter-nos-vies\" target=\"_blank\" rel=\"noreferrer noopener\">Critique Forum Opera<\/a><\/div>\n<\/div>\n<\/div>\n\n\n\n<figure class=\"wp-block-embed is-type-video is-provider-youtube wp-block-embed-youtube wp-embed-aspect-16-9 wp-has-aspect-ratio\"><div class=\"wp-block-embed__wrapper\">\n<iframe loading=\"lazy\" title=\"Dreams \u2013 Teaser\" width=\"950\" height=\"534\" src=\"https:\/\/www.youtube.com\/embed\/PJvhFYoyCaU?feature=oembed\" frameborder=\"0\" allow=\"accelerometer; autoplay; clipboard-write; encrypted-media; gyroscope; picture-in-picture\" allowfullscreen><\/iframe>\n<\/div><\/figure>\n\n\n\n<p><\/p>\n","protected":false},"excerpt":{"rendered":"<p>Coproduction 2020 Le Banquet C\u00e9leste \/ Op\u00e9ra de Rennes Conception visuelle, \u00e9criture et mise en sc\u00e8ne: C\u00e9cile Roussat &amp; Julien Lubek Direction musicale: Damien Guillon F\u00e9erie visuelle et musicale pour 1 contre-t\u00e9nor, un danseur acrobate et 3 musiciens baroques.<\/p>\n","protected":false},"author":4,"featured_media":0,"parent":0,"menu_order":0,"comment_status":"closed","ping_status":"closed","template":"","meta":{"ngg_post_thumbnail":0,"footnotes":""},"class_list":["post-1269","page","type-page","status-publish","hentry"],"_links":{"self":[{"href":"https:\/\/www.lesamesnocturnes.com\/index.php?rest_route=\/wp\/v2\/pages\/1269","targetHints":{"allow":["GET"]}}],"collection":[{"href":"https:\/\/www.lesamesnocturnes.com\/index.php?rest_route=\/wp\/v2\/pages"}],"about":[{"href":"https:\/\/www.lesamesnocturnes.com\/index.php?rest_route=\/wp\/v2\/types\/page"}],"author":[{"embeddable":true,"href":"https:\/\/www.lesamesnocturnes.com\/index.php?rest_route=\/wp\/v2\/users\/4"}],"replies":[{"embeddable":true,"href":"https:\/\/www.lesamesnocturnes.com\/index.php?rest_route=%2Fwp%2Fv2%2Fcomments&post=1269"}],"version-history":[{"count":3,"href":"https:\/\/www.lesamesnocturnes.com\/index.php?rest_route=\/wp\/v2\/pages\/1269\/revisions"}],"predecessor-version":[{"id":1375,"href":"https:\/\/www.lesamesnocturnes.com\/index.php?rest_route=\/wp\/v2\/pages\/1269\/revisions\/1375"}],"wp:attachment":[{"href":"https:\/\/www.lesamesnocturnes.com\/index.php?rest_route=%2Fwp%2Fv2%2Fmedia&parent=1269"}],"curies":[{"name":"wp","href":"https:\/\/api.w.org\/{rel}","templated":true}]}}