{"id":112,"date":"2011-11-02T16:44:18","date_gmt":"2011-11-02T16:44:18","guid":{"rendered":"https:\/\/www.lesamesnocturnes.com\/?page_id=112"},"modified":"2023-01-26T12:45:39","modified_gmt":"2023-01-26T12:45:39","slug":"photos-et-videos","status":"publish","type":"page","link":"https:\/\/www.lesamesnocturnes.com\/?page_id=112","title":{"rendered":"vid\u00e9os"},"content":{"rendered":"<p><span style=\"color: #800000;\"><strong>Magic Mozart, cr\u00e9ation 2021 <\/strong><\/span>&nbsp;<\/p>\n<p><iframe loading=\"lazy\" title=\"MAGIC MOZART par Les \u00c2mes Nocturnes\" width=\"950\" height=\"534\" src=\"https:\/\/www.youtube.com\/embed\/u7NUAO9zxG8?feature=oembed\" frameborder=\"0\" allow=\"accelerometer; autoplay; clipboard-write; encrypted-media; gyroscope; picture-in-picture; web-share\" allowfullscreen><\/iframe><\/p>\n<p><span style=\"color: #800000;\"><strong>Didon &amp; \u00c9n\u00e9e, Purcell (cr\u00e9ation 2014)<\/strong><\/span><\/p>\n<p><iframe loading=\"lazy\" title=\"DIDON &amp; \u00c9N\u00c9E (DIDO &amp; AENEAS) by Roussat &amp; Lubek - teaser\" width=\"950\" height=\"534\" src=\"https:\/\/www.youtube.com\/embed\/XVqY-PHFzxw?feature=oembed\" frameborder=\"0\" allow=\"accelerometer; autoplay; clipboard-write; encrypted-media; gyroscope; picture-in-picture; web-share\" allowfullscreen><\/iframe><\/p>\n<p>&nbsp;<\/p>\n<p><span style=\"color: #800000;\"><strong>La Fl\u00fbte Enchant\u00e9e, Mozart (cr\u00e9ation 2010)<\/strong><\/span><\/p>\n<p><iframe loading=\"lazy\" title=\"LA FL\u00dbTE ENCHANT\u00c9E (DIE ZAUBERFL\u00d6TE) by Roussat &amp; Lubek - teaser\" width=\"950\" height=\"534\" src=\"https:\/\/www.youtube.com\/embed\/hdqhRjeHEMI?feature=oembed\" frameborder=\"0\" allow=\"accelerometer; autoplay; clipboard-write; encrypted-media; gyroscope; picture-in-picture; web-share\" allowfullscreen><\/iframe><\/p>\n<p><span style=\"color: #800000;\"><strong>La Cenerentola, Rossini (cr\u00e9ation 2014)<\/strong><\/span><\/p>\n<p><iframe loading=\"lazy\" title=\"LA CENERENTOLA by Roussat &amp; Lubek - teaser\" width=\"950\" height=\"534\" src=\"https:\/\/www.youtube.com\/embed\/t3US-nnIJlg?feature=oembed\" frameborder=\"0\" allow=\"accelerometer; autoplay; clipboard-write; encrypted-media; gyroscope; picture-in-picture; web-share\" allowfullscreen><\/iframe><\/p>\n<p><span style=\"color: #800000;\"><strong>Au Bonheur des Vivants (cr\u00e9ation 2016)<\/strong><\/span><\/p>\n<p><iframe loading=\"lazy\" title=\"Au Bonheur des Vivants - Ce\u0301cile Roussat &amp; Julien Lubek\" width=\"950\" height=\"534\" src=\"https:\/\/www.youtube.com\/embed\/Aoe-C0wzyv4?feature=oembed\" frameborder=\"0\" allow=\"accelerometer; autoplay; clipboard-write; encrypted-media; gyroscope; picture-in-picture; web-share\" allowfullscreen><\/iframe><\/p>\n<p><span style=\"color: #800000;\"><strong>Les \u00c2mes nocturnes (cr\u00e9ation 2008)<\/strong><\/span><\/p>\n<p><iframe loading=\"lazy\" title=\"Les \u00c2mes Nocturnes - C\u00e9cile Roussat &amp; Julien Lubek\" width=\"950\" height=\"534\" src=\"https:\/\/www.youtube.com\/embed\/jJG-CxhdMDo?feature=oembed\" frameborder=\"0\" allow=\"accelerometer; autoplay; clipboard-write; encrypted-media; gyroscope; picture-in-picture; web-share\" allowfullscreen><\/iframe><\/p>\n<p><span style=\"color: #800000;\"><strong>La Cl\u00e9mence de Titus (cr\u00e9ation 2019)<\/strong><\/span><\/p>\n<p><iframe loading=\"lazy\" title=\"La Clemenza di Tito (Mozart) - Teaser\" width=\"950\" height=\"534\" src=\"https:\/\/www.youtube.com\/embed\/xddb_circOk?feature=oembed\" frameborder=\"0\" allow=\"accelerometer; autoplay; clipboard-write; encrypted-media; gyroscope; picture-in-picture; web-share\" allowfullscreen><\/iframe><\/p>\n<p>&nbsp;<\/p>\n<p><span style=\"color: #800000;\"><strong>La Belle &amp; la B\u00eate (cr\u00e9ation 2009)<\/strong><\/span><\/p>\n<p><iframe loading=\"lazy\" title=\"La Belle et la B\u00eate\" width=\"950\" height=\"534\" src=\"https:\/\/www.youtube.com\/embed\/EkPpO97nyIY?feature=oembed\" frameborder=\"0\" allow=\"accelerometer; autoplay; clipboard-write; encrypted-media; gyroscope; picture-in-picture; web-share\" allowfullscreen><\/iframe><\/p>\n<p>&nbsp;<\/p>\n<p><span style=\"color: #800000;\"><strong>Le Cabaret du Shlemil Th\u00e9\u00e2tre &#8211; Les magiciens de l&rsquo;impossible, vid\u00e9o du spectacle (2011)<\/strong><\/span><\/p>\n<p><iframe loading=\"lazy\" title=\"Le Cabaret du Shlemil Th\u00e9\u00e2tre: les magiciens.\" width=\"950\" height=\"713\" src=\"https:\/\/www.youtube.com\/embed\/mMbYPgSxIaQ?feature=oembed\" frameborder=\"0\" allow=\"accelerometer; autoplay; clipboard-write; encrypted-media; gyroscope; picture-in-picture; web-share\" allowfullscreen><\/iframe><\/p>\n<p><!--more--><strong style=\"color: #800000;\">C&rsquo;\u00e9tait Chouette, court-m\u00e9trage \u00e9crit et r\u00e9alis\u00e9 par Lubek &amp; Roussat (2019)(atelier scolaire)<\/strong><\/p>\n<p><iframe loading=\"lazy\" title=\"C&#039;ETAIT CHOUETTE !\" width=\"950\" height=\"534\" src=\"https:\/\/www.youtube.com\/embed\/ILQzum6XQv8?feature=oembed\" frameborder=\"0\" allow=\"accelerometer; autoplay; clipboard-write; encrypted-media; gyroscope; picture-in-picture; web-share\" allowfullscreen><\/iframe><\/p>\n<p><!--more--><strong style=\"color: #800000;\">Ensemble, court-m\u00e9trage \u00e9crit et r\u00e9alis\u00e9 par Julien Lubek (2022) (atelier scolaire)<\/strong><\/p>\n<p><iframe loading=\"lazy\" title=\"Ensemble - le film\" width=\"950\" height=\"534\" src=\"https:\/\/www.youtube.com\/embed\/WgTHFhuTaqg?feature=oembed\" frameborder=\"0\" allow=\"accelerometer; autoplay; clipboard-write; encrypted-media; gyroscope; picture-in-picture; web-share\" allowfullscreen><\/iframe><\/p>\n<p><!--more--><strong style=\"color: #800000;\">Le Cabaret du Shlemil Th\u00e9\u00e2tre, vid\u00e9o projet\u00e9e pendant le spectacle (2012)<\/strong><\/p>\n<p><iframe loading=\"lazy\" title=\"Le Cabaret du Shlemil Th\u00e9\u00e2tre: les ann\u00e9es 70.\" width=\"950\" height=\"713\" src=\"https:\/\/www.youtube.com\/embed\/AcistHUxQRg?feature=oembed\" frameborder=\"0\" allow=\"accelerometer; autoplay; clipboard-write; encrypted-media; gyroscope; picture-in-picture; web-share\" allowfullscreen><\/iframe><\/p>\n<p><!--more--><strong style=\"color: #800000;\">Carnaval Baroque (cr\u00e9ation 2005)<\/strong><\/p>\n<p><iframe loading=\"lazy\" title=\"Le Carnaval Baroque\" width=\"950\" height=\"534\" src=\"https:\/\/www.youtube.com\/embed\/a3RmiNPeg2c?feature=oembed\" frameborder=\"0\" allow=\"accelerometer; autoplay; clipboard-write; encrypted-media; gyroscope; picture-in-picture; web-share\" allowfullscreen><\/iframe><\/p>\n<p><b style=\"color: #800000;\">Les P\u00eacheurs de Perles, Bizet (cr\u00e9ation 2019)<\/b><\/p>\n<p><iframe loading=\"lazy\" title=\"I pescatori di perle - Inaugurazione della Stagione 2019-2020\" width=\"950\" height=\"534\" src=\"https:\/\/www.youtube.com\/embed\/sHuvEQ6oXuI?feature=oembed\" frameborder=\"0\" allow=\"accelerometer; autoplay; clipboard-write; encrypted-media; gyroscope; picture-in-picture; web-share\" allowfullscreen><\/iframe><\/p>\n<p>&nbsp;<\/p>\n","protected":false},"excerpt":{"rendered":"<p>Magic Mozart, cr\u00e9ation 2021 &nbsp; Didon &amp; \u00c9n\u00e9e, Purcell (cr\u00e9ation 2014) &nbsp; La Fl\u00fbte Enchant\u00e9e, Mozart (cr\u00e9ation 2010) La Cenerentola, Rossini (cr\u00e9ation 2014) Au Bonheur des Vivants (cr\u00e9ation 2016) Les \u00c2mes nocturnes (cr\u00e9ation 2008) La Cl\u00e9mence de Titus (cr\u00e9ation 2019) &nbsp; La Belle &amp; la B\u00eate (cr\u00e9ation 2009) &nbsp; Le Cabaret du Shlemil Th\u00e9\u00e2tre &#8211; [&hellip;]<\/p>\n","protected":false},"author":2,"featured_media":0,"parent":0,"menu_order":0,"comment_status":"open","ping_status":"open","template":"","meta":{"ngg_post_thumbnail":0,"footnotes":""},"class_list":["post-112","page","type-page","status-publish","hentry"],"_links":{"self":[{"href":"https:\/\/www.lesamesnocturnes.com\/index.php?rest_route=\/wp\/v2\/pages\/112","targetHints":{"allow":["GET"]}}],"collection":[{"href":"https:\/\/www.lesamesnocturnes.com\/index.php?rest_route=\/wp\/v2\/pages"}],"about":[{"href":"https:\/\/www.lesamesnocturnes.com\/index.php?rest_route=\/wp\/v2\/types\/page"}],"author":[{"embeddable":true,"href":"https:\/\/www.lesamesnocturnes.com\/index.php?rest_route=\/wp\/v2\/users\/2"}],"replies":[{"embeddable":true,"href":"https:\/\/www.lesamesnocturnes.com\/index.php?rest_route=%2Fwp%2Fv2%2Fcomments&post=112"}],"version-history":[{"count":71,"href":"https:\/\/www.lesamesnocturnes.com\/index.php?rest_route=\/wp\/v2\/pages\/112\/revisions"}],"predecessor-version":[{"id":1407,"href":"https:\/\/www.lesamesnocturnes.com\/index.php?rest_route=\/wp\/v2\/pages\/112\/revisions\/1407"}],"wp:attachment":[{"href":"https:\/\/www.lesamesnocturnes.com\/index.php?rest_route=%2Fwp%2Fv2%2Fmedia&parent=112"}],"curies":[{"name":"wp","href":"https:\/\/api.w.org\/{rel}","templated":true}]}}