{"id":11,"date":"2011-11-02T11:11:27","date_gmt":"2011-11-02T11:11:27","guid":{"rendered":"https:\/\/www.lesamesnocturnes.com\/?page_id=11"},"modified":"2022-10-06T14:06:54","modified_gmt":"2022-10-06T14:06:54","slug":"les-artistes","status":"publish","type":"page","link":"https:\/\/www.lesamesnocturnes.com\/?page_id=11","title":{"rendered":"C\u00e9cile Roussat &#038; Julien Lubek"},"content":{"rendered":"<div class=\"wp-block-image is-style-rounded\">\n<figure class=\"alignleft is-resized\"><img loading=\"lazy\" decoding=\"async\" src=\"https:\/\/www.lesamesnocturnes.com\/wp-content\/uploads\/2021\/03\/cropped-75202b0e89643fc8c4cdf3c76b63d45b.jpg\" alt=\"\" class=\"wp-image-1134\" width=\"417\" height=\"417\" srcset=\"https:\/\/www.lesamesnocturnes.com\/wp-content\/uploads\/2021\/03\/cropped-75202b0e89643fc8c4cdf3c76b63d45b.jpg 512w, https:\/\/www.lesamesnocturnes.com\/wp-content\/uploads\/2021\/03\/cropped-75202b0e89643fc8c4cdf3c76b63d45b-300x300.jpg 300w, https:\/\/www.lesamesnocturnes.com\/wp-content\/uploads\/2021\/03\/cropped-75202b0e89643fc8c4cdf3c76b63d45b-150x150.jpg 150w, https:\/\/www.lesamesnocturnes.com\/wp-content\/uploads\/2021\/03\/cropped-75202b0e89643fc8c4cdf3c76b63d45b-270x270.jpg 270w, https:\/\/www.lesamesnocturnes.com\/wp-content\/uploads\/2021\/03\/cropped-75202b0e89643fc8c4cdf3c76b63d45b-192x192.jpg 192w, https:\/\/www.lesamesnocturnes.com\/wp-content\/uploads\/2021\/03\/cropped-75202b0e89643fc8c4cdf3c76b63d45b-180x180.jpg 180w, https:\/\/www.lesamesnocturnes.com\/wp-content\/uploads\/2021\/03\/cropped-75202b0e89643fc8c4cdf3c76b63d45b-32x32.jpg 32w\" sizes=\"auto, (max-width: 417px) 100vw, 417px\" \/><\/figure>\n<\/div>\n\n\n<p class=\"has-drop-cap has-text-align-left\">C\u00e9cile Roussat &amp; Julien Lubek se rencontrent en 2000, pendant leur formation aupr\u00e8s de <strong>Marcel Marceau<\/strong>. Dipl\u00f4m\u00e9s de l\u2019\u00c9cole internationale de mimodrame de Paris, ils \u00e9tudient ensuite le th\u00e9\u00e2tre de texte au Cours Florent et \u00e0 l\u2019Ecole Charles Dullin, l\u2019art du clown au <strong>Centre National des Arts du Cirque<\/strong>, ainsi que l\u2019acrobatie, la marionnette et l&nbsp;\u2018illusion. Rapidement, des metteurs en sc\u00e8ne renomm\u00e9s font appel \u00e0 eux pour cr\u00e9er des s\u00e9quences visuelles de leurs spectacles,&nbsp;tels&nbsp;<strong>J\u00e9r\u00f4me Deschamps &amp; Macha Makeieff, Michel Fau<\/strong>.<\/p>\n\n\n\n<p class=\"has-drop-cap\">Depuis 2004, ils d\u00e9veloppent un univers th\u00e9\u00e2tral personnel, \u00e0 travers des spectacles visuels, po\u00e9tiques et pluridisciplinaires.<\/p>\n\n\n\n<p>En 2008, ils fondent le Shlemil Th\u00e9\u00e2tre, devenu Cie Les \u00c2mes Nocturnes, dont les cr\u00e9ations inclassables connaissent un grand succ\u00e8s public et critique&nbsp;: leurs duo f\u00e9eriques et burlesques, m\u00ealant le clown, la magie nouvelle et le th\u00e9\u00e2tre visuel, intitul\u00e9s <em>Les \u00c2mes Nocturnes<\/em> et <em>Au Bonheur des Vivants<\/em> ont ainsi \u00e9t\u00e9 donn\u00e9 plus de 400 fois \u00e0 travers le monde entre 2009 et 2023, et prim\u00e9s en 2012 au <strong>Festival d\u2019Avignon<\/strong>. Leur adaptation fantastique de <em>La Belle &amp; La B\u00eate<\/em>, coproduite par le Centre de Musique Baroque de Versailles<em>,&nbsp;<\/em>a enchant\u00e9 le public des Sc\u00e8nes Nationales fran\u00e7aises, puis de prestigieux festivals <strong>en<\/strong> <strong>Espagne, en Hollande et \u00e0 Taiwan<\/strong>. <em>Magic Mozart<\/em>, leur derni\u00e8re cr\u00e9ation, coproduite par le Festival Mozart de Salzbourg, a re\u00e7u un accueil enthousiaste en Suisse et en France.<\/p>\n\n\n\n<p class=\"has-drop-cap\">Parall\u00e8lement, des chefs d\u2019orchestre de renom les sollicitent r\u00e9guli\u00e8rement pour \u00e9crire et mettre en sc\u00e8ne des productions sc\u00e9niques musicales d\u2019envergure:<strong> Sir John Eliot Gardiner, Jean-Claude Malgoire, Vincent Dumestre, ou encore Oph\u00e9lie Gaillard<\/strong>. Parmi les cr\u00e9ations n\u00e9es de ces collaborations&nbsp;: <em>Carnaval Baroque<\/em> (coproduit par le Po\u00e8me Harmonique), <em>Musenna \u2013 les Miroirs du Levant<\/em>&nbsp; (spectacle de cl\u00f4ture officielle de la Saison de la Turquie en France), <em>Le Ballet des F\u00e9es<\/em> (co-produit par le CMBV) ou encore<em> Pierrot F\u00e2ch\u00e9 avec la Lune<\/em>. Ces spectacles, m\u00ealant \u00e0 la musique les arts du cirque et du th\u00e9\u00e2tre visuel, sont jou\u00e9s sur les plus grandes sc\u00e8nes en France et \u00e0 travers le monde&nbsp;: <strong>Op\u00e9ra Comique, Bouffes du Nord et Cit\u00e9 de la musique \u00e0 Paris, Op\u00e9ra Royal de Versailles, Royal Albert Hall \u00e0 Londres, Teatro di San Carlo \u00e0 Naples, Festival Cervantino \u00e0 Mexico, op\u00e9ras et th\u00e9\u00e2tre nationaux \u00e0 Budapest, Madrid, Belgrade, San Francisco, Hongkong<\/strong>\u2026.<\/p>\n\n\n\n<p>Depuis 2010, <span style=\"color: #000000;\">ils sont r\u00e9guli\u00e8rement invit\u00e9s par des maisons d&rsquo;Op\u00e9ra. Ils ont ainsi sign\u00e9 la mise en sc\u00e8ne et les d\u00e9cors de <em>la Fl\u00fbte Enchant\u00e9e<\/em> de Mozart (<strong>Op\u00e9ra Royal de Wallonie<\/strong>, 2010 &amp; 2015, <strong>Sassari<\/strong> 2016, <strong>Bergamo<\/strong> 2017, <strong>Avignon<\/strong> 2019, <strong>Versailles<\/strong> 2020 et 2022), ainsi que la mise en sc\u00e8ne, les d\u00e9cors, costumes et lumi\u00e8res de <em>Didon &amp; En\u00e9e<\/em> de Purcell (<strong>Op\u00e9ra de Rouen, Versailles<\/strong>, 2014, <strong>Turin<\/strong> 2015, <strong>Vichy, Rouen, Versailles<\/strong> 2016, <strong>Li\u00e8ge<\/strong> 2017, <strong>Tel-Aviv<\/strong> 2018), de <em>la Cenerentola<\/em> de Rossini (<strong>Op\u00e9ra de Li\u00e8ge<\/strong> 2014 &amp; 2019,<strong> Op\u00e9ra de Tel Aviv<\/strong> 2016), et<\/span>&nbsp;du <em>Mariage Secret<\/em>, de Cimarosa, (<strong>Philharmonie de Paris <\/strong>2017<strong>)<\/strong>. En 2018, ils signent celle de <em>Raoul Barbe Bleue<\/em>, de Gr\u00e9try, \u00e0 Trondheim en <strong>Norv\u00e8ge<\/strong>. En 2019, ils mettent en sc\u00e8ne <em>la Cl\u00e9mence de Titus<\/em>, de Mozart, \u00e0 <strong>Li\u00e8ge<\/strong>, et <em>Les P\u00eacheurs de Perles<\/em>, de Bizet, au Teatro Regio \u00e0 <strong>Turin<\/strong> (Italie).<\/p>\n\n\n\n<p>Enfin, la transmission est un autre vecteur d\u2019approfondissement de leur vocabulaire th\u00e9\u00e2tral&nbsp;: Julien Lubek a notamment \u00e9t\u00e9 le&nbsp;<strong>professeur de mime au Conservatoire National d\u2019Art Dramatique<\/strong>&nbsp;\u00e0 Paris, de 2010 \u00e0 2014 \u00e0 l&rsquo;invitation de Daniel Mesguisch.<\/p>\n\n\n\n<p class=\"has-drop-cap\">Parmi leurs derni\u00e8res cr\u00e9ations: <em>Dreams<\/em>, f\u00e9erie pour un danseur acrobate, le contre-t\u00e9nor Damien Guillon et 3 musiciens, sur des musiques de Purcell, cr\u00e9\u00e9 sur la sc\u00e8ne de l&rsquo;<strong>Op\u00e9ra de Rennes<\/strong> en septembre 2020;  <em>Magic Mozart<\/em>, fantaisie visuelle et musicale pour 6 com\u00e9diens, danseurs et acrobates, coproduite par le Festival Mozart de Salzbourg, cr\u00e9\u00e9e en novembre 2021 \u00e0 Neuch\u00e2tel (Suisse). Et en 2023, <em>La Valse du Marcassin<\/em>, 3\u00e8me opus de leur duo !<\/p>\n\n\n\n<div class=\"wp-block-buttons is-layout-flex wp-block-buttons-is-layout-flex\">\n<div class=\"wp-block-button has-custom-width wp-block-button__width-50\"><a class=\"wp-block-button__link\" href=\"https:\/\/www.lesamesnocturnes.com\/?page_id=35\">Les spectacles <\/a><\/div>\n\n\n\n<div class=\"wp-block-button has-custom-width wp-block-button__width-50\"><a class=\"wp-block-button__link\" href=\"https:\/\/www.lesamesnocturnes.com\/?page_id=30\">Les dates de repr\u00e9sentations<\/a><\/div>\n<\/div>\n","protected":false},"excerpt":{"rendered":"<p>C\u00e9cile Roussat &amp; Julien Lubek se rencontrent en 2000, pendant leur formation aupr\u00e8s de Marcel Marceau. Dipl\u00f4m\u00e9s de l\u2019\u00c9cole internationale de mimodrame de Paris, ils \u00e9tudient ensuite le th\u00e9\u00e2tre de texte au Cours Florent et \u00e0 l\u2019Ecole Charles Dullin, l\u2019art du clown au Centre National des Arts du Cirque, ainsi que l\u2019acrobatie, la marionnette et [&hellip;]<\/p>\n","protected":false},"author":2,"featured_media":0,"parent":0,"menu_order":0,"comment_status":"open","ping_status":"open","template":"","meta":{"ngg_post_thumbnail":0,"footnotes":""},"class_list":["post-11","page","type-page","status-publish","hentry"],"_links":{"self":[{"href":"https:\/\/www.lesamesnocturnes.com\/index.php?rest_route=\/wp\/v2\/pages\/11","targetHints":{"allow":["GET"]}}],"collection":[{"href":"https:\/\/www.lesamesnocturnes.com\/index.php?rest_route=\/wp\/v2\/pages"}],"about":[{"href":"https:\/\/www.lesamesnocturnes.com\/index.php?rest_route=\/wp\/v2\/types\/page"}],"author":[{"embeddable":true,"href":"https:\/\/www.lesamesnocturnes.com\/index.php?rest_route=\/wp\/v2\/users\/2"}],"replies":[{"embeddable":true,"href":"https:\/\/www.lesamesnocturnes.com\/index.php?rest_route=%2Fwp%2Fv2%2Fcomments&post=11"}],"version-history":[{"count":51,"href":"https:\/\/www.lesamesnocturnes.com\/index.php?rest_route=\/wp\/v2\/pages\/11\/revisions"}],"predecessor-version":[{"id":1379,"href":"https:\/\/www.lesamesnocturnes.com\/index.php?rest_route=\/wp\/v2\/pages\/11\/revisions\/1379"}],"wp:attachment":[{"href":"https:\/\/www.lesamesnocturnes.com\/index.php?rest_route=%2Fwp%2Fv2%2Fmedia&parent=11"}],"curies":[{"name":"wp","href":"https:\/\/api.w.org\/{rel}","templated":true}]}}