{"id":108,"date":"2011-11-02T16:36:47","date_gmt":"2011-11-02T16:36:47","guid":{"rendered":"https:\/\/www.lesamesnocturnes.com\/?page_id=108"},"modified":"2011-11-07T17:20:37","modified_gmt":"2011-11-07T17:20:37","slug":"ou-avais-je-la-tete","status":"publish","type":"page","link":"https:\/\/www.lesamesnocturnes.com\/?page_id=108","title":{"rendered":"O\u00f9 avais-je la t\u00eate ?"},"content":{"rendered":"<p><a href=\"https:\/\/www.lesamesnocturnes.com\/wp-content\/uploads\/2011\/11\/marie-antoinette.jpg\"><img loading=\"lazy\" decoding=\"async\" class=\"alignleft size-full wp-image-109\" title=\"O\u00f9 avais-je la t\u00eate ?\" src=\"https:\/\/www.lesamesnocturnes.com\/wp-content\/uploads\/2011\/11\/marie-antoinette.jpg\" alt=\"O\u00f9 avais-je la t\u00eate ?\" width=\"500\" height=\"373\" srcset=\"https:\/\/www.lesamesnocturnes.com\/wp-content\/uploads\/2011\/11\/marie-antoinette.jpg 500w, https:\/\/www.lesamesnocturnes.com\/wp-content\/uploads\/2011\/11\/marie-antoinette-300x223.jpg 300w\" sizes=\"auto, (max-width: 500px) 100vw, 500px\" \/><\/a>Conf\u00e9rence fantaisiste sur l\u2019univers de Marie-Antoinette<br \/>\n\u00e9crite et mies en sc\u00e8ne par C\u00e9cile Roussat &amp; Julien Lubek.<\/p>\n<p>De la robe \u00e0 paniers aux coiffes gigantesques, des fleurs de Trianon aux accords du clavecin, nous retrouvons dans ce spectacle tout ce qui inspira Marie-Antoinette : son refus du s\u00e9rieux et son go\u00fbt pour le rire et les plaisirs. Reine insouciante, Marie-Antoinette &#8211; qui n&rsquo;entend pas les grondements du peuple &#8211; est en effet la femme la plus gaie de la Cour, l&rsquo;arbitre des \u00e9l\u00e9gances et de l&rsquo;expression fantastique de la beaut\u00e9.<\/p>\n<p>Cette figure extravagante et tragique constitue la base de ce dr\u00f4le de spectacle. Po\u00e9sie, musique et danses se retrouvent dans une \u00e9vocation onirique de la vie de la reine. C\u00e9cile Roussat &amp; Julien Lubek, artistes pluridisciplinaires, concilient de fa\u00e7on inattendue l&rsquo;univers baroque &#8211; son esth\u00e9tique de la fragilit\u00e9 et de la distanciation &#8211; et le jeu clownesque, fond\u00e9 sur une certaine impertinence et la po\u00e9sie de l&rsquo;instant.<\/p>\n<p>com\u00e9dien <strong>Julien Lubek<\/strong> | com\u00e9dienne, danseuse <strong>C\u00e9cile Roussat<\/strong> | danseuse, chanteuse, harpiste <strong>Akiko Veaux<\/strong> | clavecin, chant <strong>Pierre Gallon<\/strong> | fl\u00fbtes, chant <strong>St\u00e9phane Tamby<\/strong> | costumes <strong>Agathe Trottignon<\/strong> | accessoires <strong>\u00c9tienne Bousquet<\/strong> | cr\u00e9ation lumi\u00e8res <strong>Julien Lubek<\/strong> &amp; <strong>Pierre Saint-L\u00e9ger<\/strong> | maquillages <strong>Sil\u00e8ne Tonello<\/strong><\/p>\n<p>Coproduction Th\u00e9\u00e2tre du Ch\u00e2teau \u00e0 Eu (76), le Shlemil Th\u00e9\u00e2tre<br \/>\nSpectacle cr\u00e9\u00e9 le 3 juin 2010 au Th\u00e9\u00e2tre du Ch\u00e2teau \u00e0 Eu.<\/p>\n<!-- default-view.php -->\n<div\n\tclass=\"ngg-galleryoverview default-view  ngg-ajax-pagination-none\"\n\tid=\"ngg-gallery-356a4a065b792bf8ac966f2603f19237-1\">\n\n\t\t<!-- Thumbnails -->\n\t\t\t\t<div id=\"ngg-image-0\" class=\"ngg-gallery-thumbnail-box ngg-8-columns\" >\n\t\t\t\t        <div class=\"ngg-gallery-thumbnail\">\n            <a href=\"https:\/\/www.lesamesnocturnes.com\/wp-content\/gallery\/tete\/marie-antoinette-0001_1.jpg\"\n               title=\"\"\n               data-src=\"https:\/\/www.lesamesnocturnes.com\/wp-content\/gallery\/tete\/marie-antoinette-0001_1.jpg\"\n               data-thumbnail=\"https:\/\/www.lesamesnocturnes.com\/wp-content\/gallery\/tete\/thumbs\/thumbs_marie-antoinette-0001_1.jpg\"\n               data-image-id=\"75\"\n               data-title=\"marie-antoinette-0001_1\"\n               data-description=\"\"\n               data-image-slug=\"marie-antoinette-0001_1\"\n               class=\"shutterset_356a4a065b792bf8ac966f2603f19237\">\n                <img\n                    title=\"marie-antoinette-0001_1\"\n                    alt=\"marie-antoinette-0001_1\"\n                    src=\"https:\/\/www.lesamesnocturnes.com\/wp-content\/gallery\/tete\/thumbs\/thumbs_marie-antoinette-0001_1.jpg\"\n                    width=\"100\"\n                    height=\"75\"\n                    style=\"max-width:100%;\"\n                \/>\n            <\/a>\n        <\/div>\n\t\t\t\t\t\t\t<\/div> \n\t\t\t\n\t\t\t\t<div id=\"ngg-image-1\" class=\"ngg-gallery-thumbnail-box ngg-8-columns\" >\n\t\t\t\t        <div class=\"ngg-gallery-thumbnail\">\n            <a href=\"https:\/\/www.lesamesnocturnes.com\/wp-content\/gallery\/tete\/marie-antoinette-0002_1.jpg\"\n               title=\"\"\n               data-src=\"https:\/\/www.lesamesnocturnes.com\/wp-content\/gallery\/tete\/marie-antoinette-0002_1.jpg\"\n               data-thumbnail=\"https:\/\/www.lesamesnocturnes.com\/wp-content\/gallery\/tete\/thumbs\/thumbs_marie-antoinette-0002_1.jpg\"\n               data-image-id=\"76\"\n               data-title=\"marie-antoinette-0002_1\"\n               data-description=\"\"\n               data-image-slug=\"marie-antoinette-0002_1\"\n               class=\"shutterset_356a4a065b792bf8ac966f2603f19237\">\n                <img\n                    title=\"marie-antoinette-0002_1\"\n                    alt=\"marie-antoinette-0002_1\"\n                    src=\"https:\/\/www.lesamesnocturnes.com\/wp-content\/gallery\/tete\/thumbs\/thumbs_marie-antoinette-0002_1.jpg\"\n                    width=\"100\"\n                    height=\"75\"\n                    style=\"max-width:100%;\"\n                \/>\n            <\/a>\n        <\/div>\n\t\t\t\t\t\t\t<\/div> \n\t\t\t\n\t\t\t\t<div id=\"ngg-image-2\" class=\"ngg-gallery-thumbnail-box ngg-8-columns\" >\n\t\t\t\t        <div class=\"ngg-gallery-thumbnail\">\n            <a href=\"https:\/\/www.lesamesnocturnes.com\/wp-content\/gallery\/tete\/marie-antoinette-0003_1.jpg\"\n               title=\"\"\n               data-src=\"https:\/\/www.lesamesnocturnes.com\/wp-content\/gallery\/tete\/marie-antoinette-0003_1.jpg\"\n               data-thumbnail=\"https:\/\/www.lesamesnocturnes.com\/wp-content\/gallery\/tete\/thumbs\/thumbs_marie-antoinette-0003_1.jpg\"\n               data-image-id=\"77\"\n               data-title=\"marie-antoinette-0003_1\"\n               data-description=\"\"\n               data-image-slug=\"marie-antoinette-0003_1\"\n               class=\"shutterset_356a4a065b792bf8ac966f2603f19237\">\n                <img\n                    title=\"marie-antoinette-0003_1\"\n                    alt=\"marie-antoinette-0003_1\"\n                    src=\"https:\/\/www.lesamesnocturnes.com\/wp-content\/gallery\/tete\/thumbs\/thumbs_marie-antoinette-0003_1.jpg\"\n                    width=\"100\"\n                    height=\"75\"\n                    style=\"max-width:100%;\"\n                \/>\n            <\/a>\n        <\/div>\n\t\t\t\t\t\t\t<\/div> \n\t\t\t\n\t\t\t\t<div id=\"ngg-image-3\" class=\"ngg-gallery-thumbnail-box ngg-8-columns\" >\n\t\t\t\t        <div class=\"ngg-gallery-thumbnail\">\n            <a href=\"https:\/\/www.lesamesnocturnes.com\/wp-content\/gallery\/tete\/marie-antoinette-0004_1.jpg\"\n               title=\"\"\n               data-src=\"https:\/\/www.lesamesnocturnes.com\/wp-content\/gallery\/tete\/marie-antoinette-0004_1.jpg\"\n               data-thumbnail=\"https:\/\/www.lesamesnocturnes.com\/wp-content\/gallery\/tete\/thumbs\/thumbs_marie-antoinette-0004_1.jpg\"\n               data-image-id=\"78\"\n               data-title=\"marie-antoinette-0004_1\"\n               data-description=\"\"\n               data-image-slug=\"marie-antoinette-0004_1\"\n               class=\"shutterset_356a4a065b792bf8ac966f2603f19237\">\n                <img\n                    title=\"marie-antoinette-0004_1\"\n                    alt=\"marie-antoinette-0004_1\"\n                    src=\"https:\/\/www.lesamesnocturnes.com\/wp-content\/gallery\/tete\/thumbs\/thumbs_marie-antoinette-0004_1.jpg\"\n                    width=\"100\"\n                    height=\"75\"\n                    style=\"max-width:100%;\"\n                \/>\n            <\/a>\n        <\/div>\n\t\t\t\t\t\t\t<\/div> \n\t\t\t\n\t\t\t\t<div id=\"ngg-image-4\" class=\"ngg-gallery-thumbnail-box ngg-8-columns\" >\n\t\t\t\t        <div class=\"ngg-gallery-thumbnail\">\n            <a href=\"https:\/\/www.lesamesnocturnes.com\/wp-content\/gallery\/tete\/marie-antoinette-0005_1.jpg\"\n               title=\"\"\n               data-src=\"https:\/\/www.lesamesnocturnes.com\/wp-content\/gallery\/tete\/marie-antoinette-0005_1.jpg\"\n               data-thumbnail=\"https:\/\/www.lesamesnocturnes.com\/wp-content\/gallery\/tete\/thumbs\/thumbs_marie-antoinette-0005_1.jpg\"\n               data-image-id=\"79\"\n               data-title=\"marie-antoinette-0005_1\"\n               data-description=\"\"\n               data-image-slug=\"marie-antoinette-0005_1\"\n               class=\"shutterset_356a4a065b792bf8ac966f2603f19237\">\n                <img\n                    title=\"marie-antoinette-0005_1\"\n                    alt=\"marie-antoinette-0005_1\"\n                    src=\"https:\/\/www.lesamesnocturnes.com\/wp-content\/gallery\/tete\/thumbs\/thumbs_marie-antoinette-0005_1.jpg\"\n                    width=\"100\"\n                    height=\"75\"\n                    style=\"max-width:100%;\"\n                \/>\n            <\/a>\n        <\/div>\n\t\t\t\t\t\t\t<\/div> \n\t\t\t\n\t\t\t\t<div id=\"ngg-image-5\" class=\"ngg-gallery-thumbnail-box ngg-8-columns\" >\n\t\t\t\t        <div class=\"ngg-gallery-thumbnail\">\n            <a href=\"https:\/\/www.lesamesnocturnes.com\/wp-content\/gallery\/tete\/marie-antoinette-0006_1.jpg\"\n               title=\"\"\n               data-src=\"https:\/\/www.lesamesnocturnes.com\/wp-content\/gallery\/tete\/marie-antoinette-0006_1.jpg\"\n               data-thumbnail=\"https:\/\/www.lesamesnocturnes.com\/wp-content\/gallery\/tete\/thumbs\/thumbs_marie-antoinette-0006_1.jpg\"\n               data-image-id=\"80\"\n               data-title=\"marie-antoinette-0006_1\"\n               data-description=\"\"\n               data-image-slug=\"marie-antoinette-0006_1\"\n               class=\"shutterset_356a4a065b792bf8ac966f2603f19237\">\n                <img\n                    title=\"marie-antoinette-0006_1\"\n                    alt=\"marie-antoinette-0006_1\"\n                    src=\"https:\/\/www.lesamesnocturnes.com\/wp-content\/gallery\/tete\/thumbs\/thumbs_marie-antoinette-0006_1.jpg\"\n                    width=\"100\"\n                    height=\"75\"\n                    style=\"max-width:100%;\"\n                \/>\n            <\/a>\n        <\/div>\n\t\t\t\t\t\t\t<\/div> \n\t\t\t\n\t\t\t\t<div id=\"ngg-image-6\" class=\"ngg-gallery-thumbnail-box ngg-8-columns\" >\n\t\t\t\t        <div class=\"ngg-gallery-thumbnail\">\n            <a href=\"https:\/\/www.lesamesnocturnes.com\/wp-content\/gallery\/tete\/marie-antoinette-0007_1.jpg\"\n               title=\"\"\n               data-src=\"https:\/\/www.lesamesnocturnes.com\/wp-content\/gallery\/tete\/marie-antoinette-0007_1.jpg\"\n               data-thumbnail=\"https:\/\/www.lesamesnocturnes.com\/wp-content\/gallery\/tete\/thumbs\/thumbs_marie-antoinette-0007_1.jpg\"\n               data-image-id=\"81\"\n               data-title=\"marie-antoinette-0007_1\"\n               data-description=\"\"\n               data-image-slug=\"marie-antoinette-0007_1\"\n               class=\"shutterset_356a4a065b792bf8ac966f2603f19237\">\n                <img\n                    title=\"marie-antoinette-0007_1\"\n                    alt=\"marie-antoinette-0007_1\"\n                    src=\"https:\/\/www.lesamesnocturnes.com\/wp-content\/gallery\/tete\/thumbs\/thumbs_marie-antoinette-0007_1.jpg\"\n                    width=\"100\"\n                    height=\"75\"\n                    style=\"max-width:100%;\"\n                \/>\n            <\/a>\n        <\/div>\n\t\t\t\t\t\t\t<\/div> \n\t\t\t\n\t\t\t\t<div id=\"ngg-image-7\" class=\"ngg-gallery-thumbnail-box ngg-8-columns\" >\n\t\t\t\t        <div class=\"ngg-gallery-thumbnail\">\n            <a href=\"https:\/\/www.lesamesnocturnes.com\/wp-content\/gallery\/tete\/marie-antoinette-0008_1.jpg\"\n               title=\"\"\n               data-src=\"https:\/\/www.lesamesnocturnes.com\/wp-content\/gallery\/tete\/marie-antoinette-0008_1.jpg\"\n               data-thumbnail=\"https:\/\/www.lesamesnocturnes.com\/wp-content\/gallery\/tete\/thumbs\/thumbs_marie-antoinette-0008_1.jpg\"\n               data-image-id=\"82\"\n               data-title=\"marie-antoinette-0008_1\"\n               data-description=\"\"\n               data-image-slug=\"marie-antoinette-0008_1\"\n               class=\"shutterset_356a4a065b792bf8ac966f2603f19237\">\n                <img\n                    title=\"marie-antoinette-0008_1\"\n                    alt=\"marie-antoinette-0008_1\"\n                    src=\"https:\/\/www.lesamesnocturnes.com\/wp-content\/gallery\/tete\/thumbs\/thumbs_marie-antoinette-0008_1.jpg\"\n                    width=\"100\"\n                    height=\"75\"\n                    style=\"max-width:100%;\"\n                \/>\n            <\/a>\n        <\/div>\n\t\t\t\t\t\t\t<\/div> \n\t\t\t\n\t\t\t\t<div id=\"ngg-image-8\" class=\"ngg-gallery-thumbnail-box ngg-8-columns\" >\n\t\t\t\t        <div class=\"ngg-gallery-thumbnail\">\n            <a href=\"https:\/\/www.lesamesnocturnes.com\/wp-content\/gallery\/tete\/marie-antoinette-0009_1.jpg\"\n               title=\"\"\n               data-src=\"https:\/\/www.lesamesnocturnes.com\/wp-content\/gallery\/tete\/marie-antoinette-0009_1.jpg\"\n               data-thumbnail=\"https:\/\/www.lesamesnocturnes.com\/wp-content\/gallery\/tete\/thumbs\/thumbs_marie-antoinette-0009_1.jpg\"\n               data-image-id=\"83\"\n               data-title=\"marie-antoinette-0009_1\"\n               data-description=\"\"\n               data-image-slug=\"marie-antoinette-0009_1\"\n               class=\"shutterset_356a4a065b792bf8ac966f2603f19237\">\n                <img\n                    title=\"marie-antoinette-0009_1\"\n                    alt=\"marie-antoinette-0009_1\"\n                    src=\"https:\/\/www.lesamesnocturnes.com\/wp-content\/gallery\/tete\/thumbs\/thumbs_marie-antoinette-0009_1.jpg\"\n                    width=\"100\"\n                    height=\"75\"\n                    style=\"max-width:100%;\"\n                \/>\n            <\/a>\n        <\/div>\n\t\t\t\t\t\t\t<\/div> \n\t\t\t\n\t\t\t\t<div id=\"ngg-image-9\" class=\"ngg-gallery-thumbnail-box ngg-8-columns\" >\n\t\t\t\t        <div class=\"ngg-gallery-thumbnail\">\n            <a href=\"https:\/\/www.lesamesnocturnes.com\/wp-content\/gallery\/tete\/marie-antoinette-0010_1.jpg\"\n               title=\"\"\n               data-src=\"https:\/\/www.lesamesnocturnes.com\/wp-content\/gallery\/tete\/marie-antoinette-0010_1.jpg\"\n               data-thumbnail=\"https:\/\/www.lesamesnocturnes.com\/wp-content\/gallery\/tete\/thumbs\/thumbs_marie-antoinette-0010_1.jpg\"\n               data-image-id=\"84\"\n               data-title=\"marie-antoinette-0010_1\"\n               data-description=\"\"\n               data-image-slug=\"marie-antoinette-0010_1\"\n               class=\"shutterset_356a4a065b792bf8ac966f2603f19237\">\n                <img\n                    title=\"marie-antoinette-0010_1\"\n                    alt=\"marie-antoinette-0010_1\"\n                    src=\"https:\/\/www.lesamesnocturnes.com\/wp-content\/gallery\/tete\/thumbs\/thumbs_marie-antoinette-0010_1.jpg\"\n                    width=\"100\"\n                    height=\"75\"\n                    style=\"max-width:100%;\"\n                \/>\n            <\/a>\n        <\/div>\n\t\t\t\t\t\t\t<\/div> \n\t\t\t\n\t\t\t\t<div id=\"ngg-image-10\" class=\"ngg-gallery-thumbnail-box ngg-8-columns\" >\n\t\t\t\t        <div class=\"ngg-gallery-thumbnail\">\n            <a href=\"https:\/\/www.lesamesnocturnes.com\/wp-content\/gallery\/tete\/marie-antoinette-0011_1.jpg\"\n               title=\"\"\n               data-src=\"https:\/\/www.lesamesnocturnes.com\/wp-content\/gallery\/tete\/marie-antoinette-0011_1.jpg\"\n               data-thumbnail=\"https:\/\/www.lesamesnocturnes.com\/wp-content\/gallery\/tete\/thumbs\/thumbs_marie-antoinette-0011_1.jpg\"\n               data-image-id=\"85\"\n               data-title=\"marie-antoinette-0011_1\"\n               data-description=\"\"\n               data-image-slug=\"marie-antoinette-0011_1\"\n               class=\"shutterset_356a4a065b792bf8ac966f2603f19237\">\n                <img\n                    title=\"marie-antoinette-0011_1\"\n                    alt=\"marie-antoinette-0011_1\"\n                    src=\"https:\/\/www.lesamesnocturnes.com\/wp-content\/gallery\/tete\/thumbs\/thumbs_marie-antoinette-0011_1.jpg\"\n                    width=\"100\"\n                    height=\"75\"\n                    style=\"max-width:100%;\"\n                \/>\n            <\/a>\n        <\/div>\n\t\t\t\t\t\t\t<\/div> \n\t\t\t\n\t\t\t\t<div id=\"ngg-image-11\" class=\"ngg-gallery-thumbnail-box ngg-8-columns\" >\n\t\t\t\t        <div class=\"ngg-gallery-thumbnail\">\n            <a href=\"https:\/\/www.lesamesnocturnes.com\/wp-content\/gallery\/tete\/marie-antoinette-0012_1.jpg\"\n               title=\"\"\n               data-src=\"https:\/\/www.lesamesnocturnes.com\/wp-content\/gallery\/tete\/marie-antoinette-0012_1.jpg\"\n               data-thumbnail=\"https:\/\/www.lesamesnocturnes.com\/wp-content\/gallery\/tete\/thumbs\/thumbs_marie-antoinette-0012_1.jpg\"\n               data-image-id=\"86\"\n               data-title=\"marie-antoinette-0012_1\"\n               data-description=\"\"\n               data-image-slug=\"marie-antoinette-0012_1\"\n               class=\"shutterset_356a4a065b792bf8ac966f2603f19237\">\n                <img\n                    title=\"marie-antoinette-0012_1\"\n                    alt=\"marie-antoinette-0012_1\"\n                    src=\"https:\/\/www.lesamesnocturnes.com\/wp-content\/gallery\/tete\/thumbs\/thumbs_marie-antoinette-0012_1.jpg\"\n                    width=\"100\"\n                    height=\"75\"\n                    style=\"max-width:100%;\"\n                \/>\n            <\/a>\n        <\/div>\n\t\t\t\t\t\t\t<\/div> \n\t\t\t\n\t\t\t\t<div id=\"ngg-image-12\" class=\"ngg-gallery-thumbnail-box ngg-8-columns\" >\n\t\t\t\t        <div class=\"ngg-gallery-thumbnail\">\n            <a href=\"https:\/\/www.lesamesnocturnes.com\/wp-content\/gallery\/tete\/marie-antoinette-0014_1.jpg\"\n               title=\"\"\n               data-src=\"https:\/\/www.lesamesnocturnes.com\/wp-content\/gallery\/tete\/marie-antoinette-0014_1.jpg\"\n               data-thumbnail=\"https:\/\/www.lesamesnocturnes.com\/wp-content\/gallery\/tete\/thumbs\/thumbs_marie-antoinette-0014_1.jpg\"\n               data-image-id=\"87\"\n               data-title=\"marie-antoinette-0014_1\"\n               data-description=\"\"\n               data-image-slug=\"marie-antoinette-0014_1\"\n               class=\"shutterset_356a4a065b792bf8ac966f2603f19237\">\n                <img\n                    title=\"marie-antoinette-0014_1\"\n                    alt=\"marie-antoinette-0014_1\"\n                    src=\"https:\/\/www.lesamesnocturnes.com\/wp-content\/gallery\/tete\/thumbs\/thumbs_marie-antoinette-0014_1.jpg\"\n                    width=\"100\"\n                    height=\"75\"\n                    style=\"max-width:100%;\"\n                \/>\n            <\/a>\n        <\/div>\n\t\t\t\t\t\t\t<\/div> \n\t\t\t\n\t\t\t\t<div id=\"ngg-image-13\" class=\"ngg-gallery-thumbnail-box ngg-8-columns\" >\n\t\t\t\t        <div class=\"ngg-gallery-thumbnail\">\n            <a href=\"https:\/\/www.lesamesnocturnes.com\/wp-content\/gallery\/tete\/marie-antoinette-0015_1.jpg\"\n               title=\"\"\n               data-src=\"https:\/\/www.lesamesnocturnes.com\/wp-content\/gallery\/tete\/marie-antoinette-0015_1.jpg\"\n               data-thumbnail=\"https:\/\/www.lesamesnocturnes.com\/wp-content\/gallery\/tete\/thumbs\/thumbs_marie-antoinette-0015_1.jpg\"\n               data-image-id=\"88\"\n               data-title=\"marie-antoinette-0015_1\"\n               data-description=\"\"\n               data-image-slug=\"marie-antoinette-0015_1\"\n               class=\"shutterset_356a4a065b792bf8ac966f2603f19237\">\n                <img\n                    title=\"marie-antoinette-0015_1\"\n                    alt=\"marie-antoinette-0015_1\"\n                    src=\"https:\/\/www.lesamesnocturnes.com\/wp-content\/gallery\/tete\/thumbs\/thumbs_marie-antoinette-0015_1.jpg\"\n                    width=\"100\"\n                    height=\"75\"\n                    style=\"max-width:100%;\"\n                \/>\n            <\/a>\n        <\/div>\n\t\t\t\t\t\t\t<\/div> \n\t\t\t\n\t\t\t\t<div id=\"ngg-image-14\" class=\"ngg-gallery-thumbnail-box ngg-8-columns\" >\n\t\t\t\t        <div class=\"ngg-gallery-thumbnail\">\n            <a href=\"https:\/\/www.lesamesnocturnes.com\/wp-content\/gallery\/tete\/marie-antoinette-0016_1.jpg\"\n               title=\"\"\n               data-src=\"https:\/\/www.lesamesnocturnes.com\/wp-content\/gallery\/tete\/marie-antoinette-0016_1.jpg\"\n               data-thumbnail=\"https:\/\/www.lesamesnocturnes.com\/wp-content\/gallery\/tete\/thumbs\/thumbs_marie-antoinette-0016_1.jpg\"\n               data-image-id=\"89\"\n               data-title=\"marie-antoinette-0016_1\"\n               data-description=\"\"\n               data-image-slug=\"marie-antoinette-0016_1\"\n               class=\"shutterset_356a4a065b792bf8ac966f2603f19237\">\n                <img\n                    title=\"marie-antoinette-0016_1\"\n                    alt=\"marie-antoinette-0016_1\"\n                    src=\"https:\/\/www.lesamesnocturnes.com\/wp-content\/gallery\/tete\/thumbs\/thumbs_marie-antoinette-0016_1.jpg\"\n                    width=\"100\"\n                    height=\"75\"\n                    style=\"max-width:100%;\"\n                \/>\n            <\/a>\n        <\/div>\n\t\t\t\t\t\t\t<\/div> \n\t\t\t\n\t\n\t<br style=\"clear: both\" \/>\n\n\t\n\t\t<!-- Pagination -->\n\t<div class='ngg-clear'><\/div>\t<\/div>\n\n","protected":false},"excerpt":{"rendered":"<p>Conf\u00e9rence fantaisiste sur l\u2019univers de Marie-Antoinette \u00e9crite et mies en sc\u00e8ne par C\u00e9cile Roussat &amp; Julien Lubek. De la robe \u00e0 paniers aux coiffes gigantesques, des fleurs de Trianon aux accords du clavecin, nous retrouvons dans ce spectacle tout ce qui inspira Marie-Antoinette : son refus du s\u00e9rieux et son go\u00fbt pour le rire et [&hellip;]<\/p>\n","protected":false},"author":2,"featured_media":0,"parent":0,"menu_order":0,"comment_status":"open","ping_status":"open","template":"","meta":{"ngg_post_thumbnail":0,"footnotes":""},"class_list":["post-108","page","type-page","status-publish","hentry"],"_links":{"self":[{"href":"https:\/\/www.lesamesnocturnes.com\/index.php?rest_route=\/wp\/v2\/pages\/108","targetHints":{"allow":["GET"]}}],"collection":[{"href":"https:\/\/www.lesamesnocturnes.com\/index.php?rest_route=\/wp\/v2\/pages"}],"about":[{"href":"https:\/\/www.lesamesnocturnes.com\/index.php?rest_route=\/wp\/v2\/types\/page"}],"author":[{"embeddable":true,"href":"https:\/\/www.lesamesnocturnes.com\/index.php?rest_route=\/wp\/v2\/users\/2"}],"replies":[{"embeddable":true,"href":"https:\/\/www.lesamesnocturnes.com\/index.php?rest_route=%2Fwp%2Fv2%2Fcomments&post=108"}],"version-history":[{"count":4,"href":"https:\/\/www.lesamesnocturnes.com\/index.php?rest_route=\/wp\/v2\/pages\/108\/revisions"}],"predecessor-version":[{"id":132,"href":"https:\/\/www.lesamesnocturnes.com\/index.php?rest_route=\/wp\/v2\/pages\/108\/revisions\/132"}],"wp:attachment":[{"href":"https:\/\/www.lesamesnocturnes.com\/index.php?rest_route=%2Fwp%2Fv2%2Fmedia&parent=108"}],"curies":[{"name":"wp","href":"https:\/\/api.w.org\/{rel}","templated":true}]}}