{"id":1076,"date":"2020-01-27T17:24:29","date_gmt":"2020-01-27T17:24:29","guid":{"rendered":"https:\/\/www.lesamesnocturnes.com\/?page_id=1076"},"modified":"2020-01-27T17:45:42","modified_gmt":"2020-01-27T17:45:42","slug":"les-pecheurs-de-perles","status":"publish","type":"page","link":"https:\/\/www.lesamesnocturnes.com\/?page_id=1076","title":{"rendered":"Les P\u00eacheurs de Perles"},"content":{"rendered":"<h4>Op\u00e9ra en trois actes de <strong>Bizet<\/strong><strong> <\/strong>| production<strong> Teatro Regio di Torino (Turin, Italie)<strong> &#8211; <\/strong>septembre 2019<\/strong><\/h4>\n<h4><strong><\/strong><br \/>\nMise en sc\u00e8ne, chor\u00e9graphies, d\u00e9cors, costumes, lumi\u00e8res <strong>C\u00e9cile Roussat<\/strong> &amp; <strong>Julien Lubek<\/strong><\/h4>\n<p>&nbsp;<\/p>\n<p><iframe loading=\"lazy\" src=\"https:\/\/www.youtube.com\/embed\/sHuvEQ6oXuI\" frameborder=\"0\" width=\"560\" height=\"315\"><\/iframe><\/p>\n<h4>direction musicale<strong> Ryan McAdams |<strong><br \/>\n<\/strong><\/strong><\/h4>\n<p><strong>5 Repr\u00e9sentations<\/strong>:<br \/>\n&#8211; du 3 au 20 octobre\u00a0 2019 au Teatro Regio di Torino, Turin, Italie<\/p>\n<!-- default-view.php -->\n<div\n\tclass=\"ngg-galleryoverview default-view  ngg-ajax-pagination-none\"\n\tid=\"ngg-gallery-4a7745498bc7714b1d4450a5e57d9147-1\">\n\n\t\t<!-- Thumbnails -->\n\t\t\t\t<div id=\"ngg-image-0\" class=\"ngg-gallery-thumbnail-box ngg-8-columns\" >\n\t\t\t\t        <div class=\"ngg-gallery-thumbnail\">\n            <a href=\"https:\/\/www.lesamesnocturnes.com\/wp-content\/gallery\/pecheurs-de-perles\/pescatoridiperle_005.jpg\"\n               title=\"\"\n               data-src=\"https:\/\/www.lesamesnocturnes.com\/wp-content\/gallery\/pecheurs-de-perles\/pescatoridiperle_005.jpg\"\n               data-thumbnail=\"https:\/\/www.lesamesnocturnes.com\/wp-content\/gallery\/pecheurs-de-perles\/thumbs\/thumbs_pescatoridiperle_005.jpg\"\n               data-image-id=\"466\"\n               data-title=\"pescatoridiperle_005\"\n               data-description=\"\"\n               data-image-slug=\"pescatoridiperle_005\"\n               class=\"shutterset_4a7745498bc7714b1d4450a5e57d9147\">\n                <img\n                    title=\"pescatoridiperle_005\"\n                    alt=\"pescatoridiperle_005\"\n                    src=\"https:\/\/www.lesamesnocturnes.com\/wp-content\/gallery\/pecheurs-de-perles\/thumbs\/thumbs_pescatoridiperle_005.jpg\"\n                    width=\"100\"\n                    height=\"75\"\n                    style=\"max-width:100%;\"\n                \/>\n            <\/a>\n        <\/div>\n\t\t\t\t\t\t\t<\/div> \n\t\t\t\n\t\t\t\t<div id=\"ngg-image-1\" class=\"ngg-gallery-thumbnail-box ngg-8-columns\" >\n\t\t\t\t        <div class=\"ngg-gallery-thumbnail\">\n            <a href=\"https:\/\/www.lesamesnocturnes.com\/wp-content\/gallery\/pecheurs-de-perles\/pescatoridiperle_042.jpg\"\n               title=\"\"\n               data-src=\"https:\/\/www.lesamesnocturnes.com\/wp-content\/gallery\/pecheurs-de-perles\/pescatoridiperle_042.jpg\"\n               data-thumbnail=\"https:\/\/www.lesamesnocturnes.com\/wp-content\/gallery\/pecheurs-de-perles\/thumbs\/thumbs_pescatoridiperle_042.jpg\"\n               data-image-id=\"467\"\n               data-title=\"pescatoridiperle_042\"\n               data-description=\"\"\n               data-image-slug=\"pescatoridiperle_042\"\n               class=\"shutterset_4a7745498bc7714b1d4450a5e57d9147\">\n                <img\n                    title=\"pescatoridiperle_042\"\n                    alt=\"pescatoridiperle_042\"\n                    src=\"https:\/\/www.lesamesnocturnes.com\/wp-content\/gallery\/pecheurs-de-perles\/thumbs\/thumbs_pescatoridiperle_042.jpg\"\n                    width=\"100\"\n                    height=\"75\"\n                    style=\"max-width:100%;\"\n                \/>\n            <\/a>\n        <\/div>\n\t\t\t\t\t\t\t<\/div> \n\t\t\t\n\t\t\t\t<div id=\"ngg-image-2\" class=\"ngg-gallery-thumbnail-box ngg-8-columns\" >\n\t\t\t\t        <div class=\"ngg-gallery-thumbnail\">\n            <a href=\"https:\/\/www.lesamesnocturnes.com\/wp-content\/gallery\/pecheurs-de-perles\/pescatoridiperle_054.jpg\"\n               title=\"\"\n               data-src=\"https:\/\/www.lesamesnocturnes.com\/wp-content\/gallery\/pecheurs-de-perles\/pescatoridiperle_054.jpg\"\n               data-thumbnail=\"https:\/\/www.lesamesnocturnes.com\/wp-content\/gallery\/pecheurs-de-perles\/thumbs\/thumbs_pescatoridiperle_054.jpg\"\n               data-image-id=\"468\"\n               data-title=\"pescatoridiperle_054\"\n               data-description=\"\"\n               data-image-slug=\"pescatoridiperle_054\"\n               class=\"shutterset_4a7745498bc7714b1d4450a5e57d9147\">\n                <img\n                    title=\"pescatoridiperle_054\"\n                    alt=\"pescatoridiperle_054\"\n                    src=\"https:\/\/www.lesamesnocturnes.com\/wp-content\/gallery\/pecheurs-de-perles\/thumbs\/thumbs_pescatoridiperle_054.jpg\"\n                    width=\"100\"\n                    height=\"75\"\n                    style=\"max-width:100%;\"\n                \/>\n            <\/a>\n        <\/div>\n\t\t\t\t\t\t\t<\/div> \n\t\t\t\n\t\t\t\t<div id=\"ngg-image-3\" class=\"ngg-gallery-thumbnail-box ngg-8-columns\" >\n\t\t\t\t        <div class=\"ngg-gallery-thumbnail\">\n            <a href=\"https:\/\/www.lesamesnocturnes.com\/wp-content\/gallery\/pecheurs-de-perles\/pescatoridiperle_068.jpg\"\n               title=\"\"\n               data-src=\"https:\/\/www.lesamesnocturnes.com\/wp-content\/gallery\/pecheurs-de-perles\/pescatoridiperle_068.jpg\"\n               data-thumbnail=\"https:\/\/www.lesamesnocturnes.com\/wp-content\/gallery\/pecheurs-de-perles\/thumbs\/thumbs_pescatoridiperle_068.jpg\"\n               data-image-id=\"469\"\n               data-title=\"pescatoridiperle_068\"\n               data-description=\"\"\n               data-image-slug=\"pescatoridiperle_068\"\n               class=\"shutterset_4a7745498bc7714b1d4450a5e57d9147\">\n                <img\n                    title=\"pescatoridiperle_068\"\n                    alt=\"pescatoridiperle_068\"\n                    src=\"https:\/\/www.lesamesnocturnes.com\/wp-content\/gallery\/pecheurs-de-perles\/thumbs\/thumbs_pescatoridiperle_068.jpg\"\n                    width=\"100\"\n                    height=\"75\"\n                    style=\"max-width:100%;\"\n                \/>\n            <\/a>\n        <\/div>\n\t\t\t\t\t\t\t<\/div> \n\t\t\t\n\t\t\t\t<div id=\"ngg-image-4\" class=\"ngg-gallery-thumbnail-box ngg-8-columns\" >\n\t\t\t\t        <div class=\"ngg-gallery-thumbnail\">\n            <a href=\"https:\/\/www.lesamesnocturnes.com\/wp-content\/gallery\/pecheurs-de-perles\/pescatoridiperle_085.jpg\"\n               title=\"\"\n               data-src=\"https:\/\/www.lesamesnocturnes.com\/wp-content\/gallery\/pecheurs-de-perles\/pescatoridiperle_085.jpg\"\n               data-thumbnail=\"https:\/\/www.lesamesnocturnes.com\/wp-content\/gallery\/pecheurs-de-perles\/thumbs\/thumbs_pescatoridiperle_085.jpg\"\n               data-image-id=\"470\"\n               data-title=\"pescatoridiperle_085\"\n               data-description=\"\"\n               data-image-slug=\"pescatoridiperle_085\"\n               class=\"shutterset_4a7745498bc7714b1d4450a5e57d9147\">\n                <img\n                    title=\"pescatoridiperle_085\"\n                    alt=\"pescatoridiperle_085\"\n                    src=\"https:\/\/www.lesamesnocturnes.com\/wp-content\/gallery\/pecheurs-de-perles\/thumbs\/thumbs_pescatoridiperle_085.jpg\"\n                    width=\"100\"\n                    height=\"75\"\n                    style=\"max-width:100%;\"\n                \/>\n            <\/a>\n        <\/div>\n\t\t\t\t\t\t\t<\/div> \n\t\t\t\n\t\t\t\t<div id=\"ngg-image-5\" class=\"ngg-gallery-thumbnail-box ngg-8-columns\" >\n\t\t\t\t        <div class=\"ngg-gallery-thumbnail\">\n            <a href=\"https:\/\/www.lesamesnocturnes.com\/wp-content\/gallery\/pecheurs-de-perles\/pescatoridiperle_092.jpg\"\n               title=\"\"\n               data-src=\"https:\/\/www.lesamesnocturnes.com\/wp-content\/gallery\/pecheurs-de-perles\/pescatoridiperle_092.jpg\"\n               data-thumbnail=\"https:\/\/www.lesamesnocturnes.com\/wp-content\/gallery\/pecheurs-de-perles\/thumbs\/thumbs_pescatoridiperle_092.jpg\"\n               data-image-id=\"471\"\n               data-title=\"pescatoridiperle_092\"\n               data-description=\"\"\n               data-image-slug=\"pescatoridiperle_092\"\n               class=\"shutterset_4a7745498bc7714b1d4450a5e57d9147\">\n                <img\n                    title=\"pescatoridiperle_092\"\n                    alt=\"pescatoridiperle_092\"\n                    src=\"https:\/\/www.lesamesnocturnes.com\/wp-content\/gallery\/pecheurs-de-perles\/thumbs\/thumbs_pescatoridiperle_092.jpg\"\n                    width=\"100\"\n                    height=\"75\"\n                    style=\"max-width:100%;\"\n                \/>\n            <\/a>\n        <\/div>\n\t\t\t\t\t\t\t<\/div> \n\t\t\t\n\t\t\t\t<div id=\"ngg-image-6\" class=\"ngg-gallery-thumbnail-box ngg-8-columns\" >\n\t\t\t\t        <div class=\"ngg-gallery-thumbnail\">\n            <a href=\"https:\/\/www.lesamesnocturnes.com\/wp-content\/gallery\/pecheurs-de-perles\/pescatoridiperle_097.jpg\"\n               title=\"\"\n               data-src=\"https:\/\/www.lesamesnocturnes.com\/wp-content\/gallery\/pecheurs-de-perles\/pescatoridiperle_097.jpg\"\n               data-thumbnail=\"https:\/\/www.lesamesnocturnes.com\/wp-content\/gallery\/pecheurs-de-perles\/thumbs\/thumbs_pescatoridiperle_097.jpg\"\n               data-image-id=\"472\"\n               data-title=\"pescatoridiperle_097\"\n               data-description=\"\"\n               data-image-slug=\"pescatoridiperle_097\"\n               class=\"shutterset_4a7745498bc7714b1d4450a5e57d9147\">\n                <img\n                    title=\"pescatoridiperle_097\"\n                    alt=\"pescatoridiperle_097\"\n                    src=\"https:\/\/www.lesamesnocturnes.com\/wp-content\/gallery\/pecheurs-de-perles\/thumbs\/thumbs_pescatoridiperle_097.jpg\"\n                    width=\"100\"\n                    height=\"75\"\n                    style=\"max-width:100%;\"\n                \/>\n            <\/a>\n        <\/div>\n\t\t\t\t\t\t\t<\/div> \n\t\t\t\n\t\t\t\t<div id=\"ngg-image-7\" class=\"ngg-gallery-thumbnail-box ngg-8-columns\" >\n\t\t\t\t        <div class=\"ngg-gallery-thumbnail\">\n            <a href=\"https:\/\/www.lesamesnocturnes.com\/wp-content\/gallery\/pecheurs-de-perles\/pescatoridiperle_112.jpg\"\n               title=\"\"\n               data-src=\"https:\/\/www.lesamesnocturnes.com\/wp-content\/gallery\/pecheurs-de-perles\/pescatoridiperle_112.jpg\"\n               data-thumbnail=\"https:\/\/www.lesamesnocturnes.com\/wp-content\/gallery\/pecheurs-de-perles\/thumbs\/thumbs_pescatoridiperle_112.jpg\"\n               data-image-id=\"473\"\n               data-title=\"pescatoridiperle_112\"\n               data-description=\"\"\n               data-image-slug=\"pescatoridiperle_112\"\n               class=\"shutterset_4a7745498bc7714b1d4450a5e57d9147\">\n                <img\n                    title=\"pescatoridiperle_112\"\n                    alt=\"pescatoridiperle_112\"\n                    src=\"https:\/\/www.lesamesnocturnes.com\/wp-content\/gallery\/pecheurs-de-perles\/thumbs\/thumbs_pescatoridiperle_112.jpg\"\n                    width=\"100\"\n                    height=\"75\"\n                    style=\"max-width:100%;\"\n                \/>\n            <\/a>\n        <\/div>\n\t\t\t\t\t\t\t<\/div> \n\t\t\t\n\t\t\t\t<div id=\"ngg-image-8\" class=\"ngg-gallery-thumbnail-box ngg-8-columns\" >\n\t\t\t\t        <div class=\"ngg-gallery-thumbnail\">\n            <a href=\"https:\/\/www.lesamesnocturnes.com\/wp-content\/gallery\/pecheurs-de-perles\/pescatoridiperle_121.jpg\"\n               title=\"\"\n               data-src=\"https:\/\/www.lesamesnocturnes.com\/wp-content\/gallery\/pecheurs-de-perles\/pescatoridiperle_121.jpg\"\n               data-thumbnail=\"https:\/\/www.lesamesnocturnes.com\/wp-content\/gallery\/pecheurs-de-perles\/thumbs\/thumbs_pescatoridiperle_121.jpg\"\n               data-image-id=\"474\"\n               data-title=\"pescatoridiperle_121\"\n               data-description=\"\"\n               data-image-slug=\"pescatoridiperle_121\"\n               class=\"shutterset_4a7745498bc7714b1d4450a5e57d9147\">\n                <img\n                    title=\"pescatoridiperle_121\"\n                    alt=\"pescatoridiperle_121\"\n                    src=\"https:\/\/www.lesamesnocturnes.com\/wp-content\/gallery\/pecheurs-de-perles\/thumbs\/thumbs_pescatoridiperle_121.jpg\"\n                    width=\"100\"\n                    height=\"75\"\n                    style=\"max-width:100%;\"\n                \/>\n            <\/a>\n        <\/div>\n\t\t\t\t\t\t\t<\/div> \n\t\t\t\n\t\t\t\t<div id=\"ngg-image-9\" class=\"ngg-gallery-thumbnail-box ngg-8-columns\" >\n\t\t\t\t        <div class=\"ngg-gallery-thumbnail\">\n            <a href=\"https:\/\/www.lesamesnocturnes.com\/wp-content\/gallery\/pecheurs-de-perles\/pescatoridiperle_155.jpg\"\n               title=\"\"\n               data-src=\"https:\/\/www.lesamesnocturnes.com\/wp-content\/gallery\/pecheurs-de-perles\/pescatoridiperle_155.jpg\"\n               data-thumbnail=\"https:\/\/www.lesamesnocturnes.com\/wp-content\/gallery\/pecheurs-de-perles\/thumbs\/thumbs_pescatoridiperle_155.jpg\"\n               data-image-id=\"475\"\n               data-title=\"pescatoridiperle_155\"\n               data-description=\"\"\n               data-image-slug=\"pescatoridiperle_155\"\n               class=\"shutterset_4a7745498bc7714b1d4450a5e57d9147\">\n                <img\n                    title=\"pescatoridiperle_155\"\n                    alt=\"pescatoridiperle_155\"\n                    src=\"https:\/\/www.lesamesnocturnes.com\/wp-content\/gallery\/pecheurs-de-perles\/thumbs\/thumbs_pescatoridiperle_155.jpg\"\n                    width=\"100\"\n                    height=\"75\"\n                    style=\"max-width:100%;\"\n                \/>\n            <\/a>\n        <\/div>\n\t\t\t\t\t\t\t<\/div> \n\t\t\t\n\t\t\t\t<div id=\"ngg-image-10\" class=\"ngg-gallery-thumbnail-box ngg-8-columns\" >\n\t\t\t\t        <div class=\"ngg-gallery-thumbnail\">\n            <a href=\"https:\/\/www.lesamesnocturnes.com\/wp-content\/gallery\/pecheurs-de-perles\/pescatoridiperle_169.jpg\"\n               title=\"\"\n               data-src=\"https:\/\/www.lesamesnocturnes.com\/wp-content\/gallery\/pecheurs-de-perles\/pescatoridiperle_169.jpg\"\n               data-thumbnail=\"https:\/\/www.lesamesnocturnes.com\/wp-content\/gallery\/pecheurs-de-perles\/thumbs\/thumbs_pescatoridiperle_169.jpg\"\n               data-image-id=\"476\"\n               data-title=\"pescatoridiperle_169\"\n               data-description=\"\"\n               data-image-slug=\"pescatoridiperle_169\"\n               class=\"shutterset_4a7745498bc7714b1d4450a5e57d9147\">\n                <img\n                    title=\"pescatoridiperle_169\"\n                    alt=\"pescatoridiperle_169\"\n                    src=\"https:\/\/www.lesamesnocturnes.com\/wp-content\/gallery\/pecheurs-de-perles\/thumbs\/thumbs_pescatoridiperle_169.jpg\"\n                    width=\"100\"\n                    height=\"75\"\n                    style=\"max-width:100%;\"\n                \/>\n            <\/a>\n        <\/div>\n\t\t\t\t\t\t\t<\/div> \n\t\t\t\n\t\t\t\t<div id=\"ngg-image-11\" class=\"ngg-gallery-thumbnail-box ngg-8-columns\" >\n\t\t\t\t        <div class=\"ngg-gallery-thumbnail\">\n            <a href=\"https:\/\/www.lesamesnocturnes.com\/wp-content\/gallery\/pecheurs-de-perles\/pescatoridiperle_213.jpg\"\n               title=\"\"\n               data-src=\"https:\/\/www.lesamesnocturnes.com\/wp-content\/gallery\/pecheurs-de-perles\/pescatoridiperle_213.jpg\"\n               data-thumbnail=\"https:\/\/www.lesamesnocturnes.com\/wp-content\/gallery\/pecheurs-de-perles\/thumbs\/thumbs_pescatoridiperle_213.jpg\"\n               data-image-id=\"477\"\n               data-title=\"pescatoridiperle_213\"\n               data-description=\"\"\n               data-image-slug=\"pescatoridiperle_213\"\n               class=\"shutterset_4a7745498bc7714b1d4450a5e57d9147\">\n                <img\n                    title=\"pescatoridiperle_213\"\n                    alt=\"pescatoridiperle_213\"\n                    src=\"https:\/\/www.lesamesnocturnes.com\/wp-content\/gallery\/pecheurs-de-perles\/thumbs\/thumbs_pescatoridiperle_213.jpg\"\n                    width=\"100\"\n                    height=\"75\"\n                    style=\"max-width:100%;\"\n                \/>\n            <\/a>\n        <\/div>\n\t\t\t\t\t\t\t<\/div> \n\t\t\t\n\t\t\t\t<div id=\"ngg-image-12\" class=\"ngg-gallery-thumbnail-box ngg-8-columns\" >\n\t\t\t\t        <div class=\"ngg-gallery-thumbnail\">\n            <a href=\"https:\/\/www.lesamesnocturnes.com\/wp-content\/gallery\/pecheurs-de-perles\/pescatoridiperle_216.jpg\"\n               title=\"\"\n               data-src=\"https:\/\/www.lesamesnocturnes.com\/wp-content\/gallery\/pecheurs-de-perles\/pescatoridiperle_216.jpg\"\n               data-thumbnail=\"https:\/\/www.lesamesnocturnes.com\/wp-content\/gallery\/pecheurs-de-perles\/thumbs\/thumbs_pescatoridiperle_216.jpg\"\n               data-image-id=\"478\"\n               data-title=\"pescatoridiperle_216\"\n               data-description=\"\"\n               data-image-slug=\"pescatoridiperle_216\"\n               class=\"shutterset_4a7745498bc7714b1d4450a5e57d9147\">\n                <img\n                    title=\"pescatoridiperle_216\"\n                    alt=\"pescatoridiperle_216\"\n                    src=\"https:\/\/www.lesamesnocturnes.com\/wp-content\/gallery\/pecheurs-de-perles\/thumbs\/thumbs_pescatoridiperle_216.jpg\"\n                    width=\"100\"\n                    height=\"75\"\n                    style=\"max-width:100%;\"\n                \/>\n            <\/a>\n        <\/div>\n\t\t\t\t\t\t\t<\/div> \n\t\t\t\n\t\t\t\t<div id=\"ngg-image-13\" class=\"ngg-gallery-thumbnail-box ngg-8-columns\" >\n\t\t\t\t        <div class=\"ngg-gallery-thumbnail\">\n            <a href=\"https:\/\/www.lesamesnocturnes.com\/wp-content\/gallery\/pecheurs-de-perles\/pescatoridiperle_251.jpg\"\n               title=\"\"\n               data-src=\"https:\/\/www.lesamesnocturnes.com\/wp-content\/gallery\/pecheurs-de-perles\/pescatoridiperle_251.jpg\"\n               data-thumbnail=\"https:\/\/www.lesamesnocturnes.com\/wp-content\/gallery\/pecheurs-de-perles\/thumbs\/thumbs_pescatoridiperle_251.jpg\"\n               data-image-id=\"479\"\n               data-title=\"pescatoridiperle_251\"\n               data-description=\"\"\n               data-image-slug=\"pescatoridiperle_251\"\n               class=\"shutterset_4a7745498bc7714b1d4450a5e57d9147\">\n                <img\n                    title=\"pescatoridiperle_251\"\n                    alt=\"pescatoridiperle_251\"\n                    src=\"https:\/\/www.lesamesnocturnes.com\/wp-content\/gallery\/pecheurs-de-perles\/thumbs\/thumbs_pescatoridiperle_251.jpg\"\n                    width=\"100\"\n                    height=\"75\"\n                    style=\"max-width:100%;\"\n                \/>\n            <\/a>\n        <\/div>\n\t\t\t\t\t\t\t<\/div> \n\t\t\t\n\t\t\t\t<div id=\"ngg-image-14\" class=\"ngg-gallery-thumbnail-box ngg-8-columns\" >\n\t\t\t\t        <div class=\"ngg-gallery-thumbnail\">\n            <a href=\"https:\/\/www.lesamesnocturnes.com\/wp-content\/gallery\/pecheurs-de-perles\/pescatoridiperle_258.jpg\"\n               title=\"\"\n               data-src=\"https:\/\/www.lesamesnocturnes.com\/wp-content\/gallery\/pecheurs-de-perles\/pescatoridiperle_258.jpg\"\n               data-thumbnail=\"https:\/\/www.lesamesnocturnes.com\/wp-content\/gallery\/pecheurs-de-perles\/thumbs\/thumbs_pescatoridiperle_258.jpg\"\n               data-image-id=\"480\"\n               data-title=\"pescatoridiperle_258\"\n               data-description=\"\"\n               data-image-slug=\"pescatoridiperle_258\"\n               class=\"shutterset_4a7745498bc7714b1d4450a5e57d9147\">\n                <img\n                    title=\"pescatoridiperle_258\"\n                    alt=\"pescatoridiperle_258\"\n                    src=\"https:\/\/www.lesamesnocturnes.com\/wp-content\/gallery\/pecheurs-de-perles\/thumbs\/thumbs_pescatoridiperle_258.jpg\"\n                    width=\"100\"\n                    height=\"75\"\n                    style=\"max-width:100%;\"\n                \/>\n            <\/a>\n        <\/div>\n\t\t\t\t\t\t\t<\/div> \n\t\t\t\n\t\t\t\t<div id=\"ngg-image-15\" class=\"ngg-gallery-thumbnail-box ngg-8-columns\" >\n\t\t\t\t        <div class=\"ngg-gallery-thumbnail\">\n            <a href=\"https:\/\/www.lesamesnocturnes.com\/wp-content\/gallery\/pecheurs-de-perles\/pescatoridiperle_266.jpg\"\n               title=\"\"\n               data-src=\"https:\/\/www.lesamesnocturnes.com\/wp-content\/gallery\/pecheurs-de-perles\/pescatoridiperle_266.jpg\"\n               data-thumbnail=\"https:\/\/www.lesamesnocturnes.com\/wp-content\/gallery\/pecheurs-de-perles\/thumbs\/thumbs_pescatoridiperle_266.jpg\"\n               data-image-id=\"481\"\n               data-title=\"pescatoridiperle_266\"\n               data-description=\"\"\n               data-image-slug=\"pescatoridiperle_266\"\n               class=\"shutterset_4a7745498bc7714b1d4450a5e57d9147\">\n                <img\n                    title=\"pescatoridiperle_266\"\n                    alt=\"pescatoridiperle_266\"\n                    src=\"https:\/\/www.lesamesnocturnes.com\/wp-content\/gallery\/pecheurs-de-perles\/thumbs\/thumbs_pescatoridiperle_266.jpg\"\n                    width=\"100\"\n                    height=\"75\"\n                    style=\"max-width:100%;\"\n                \/>\n            <\/a>\n        <\/div>\n\t\t\t\t\t\t\t<\/div> \n\t\t\t\n\t\n\t<br style=\"clear: both\" \/>\n\n\t\n\t\t<!-- Pagination -->\n\t<div class='ngg-clear'><\/div>\t<\/div>\n\n","protected":false},"excerpt":{"rendered":"<p>Op\u00e9ra en trois actes de Bizet | production Teatro Regio di Torino (Turin, Italie) &#8211; septembre 2019 Mise en sc\u00e8ne, chor\u00e9graphies, d\u00e9cors, costumes, lumi\u00e8res C\u00e9cile Roussat &amp; Julien Lubek &nbsp; direction musicale Ryan McAdams | 5 Repr\u00e9sentations: &#8211; du 3 au 20 octobre\u00a0 2019 au Teatro Regio di Torino, Turin, Italie<\/p>\n","protected":false},"author":4,"featured_media":0,"parent":0,"menu_order":0,"comment_status":"open","ping_status":"open","template":"","meta":{"ngg_post_thumbnail":0,"footnotes":""},"class_list":["post-1076","page","type-page","status-publish","hentry"],"_links":{"self":[{"href":"https:\/\/www.lesamesnocturnes.com\/index.php?rest_route=\/wp\/v2\/pages\/1076","targetHints":{"allow":["GET"]}}],"collection":[{"href":"https:\/\/www.lesamesnocturnes.com\/index.php?rest_route=\/wp\/v2\/pages"}],"about":[{"href":"https:\/\/www.lesamesnocturnes.com\/index.php?rest_route=\/wp\/v2\/types\/page"}],"author":[{"embeddable":true,"href":"https:\/\/www.lesamesnocturnes.com\/index.php?rest_route=\/wp\/v2\/users\/4"}],"replies":[{"embeddable":true,"href":"https:\/\/www.lesamesnocturnes.com\/index.php?rest_route=%2Fwp%2Fv2%2Fcomments&post=1076"}],"version-history":[{"count":5,"href":"https:\/\/www.lesamesnocturnes.com\/index.php?rest_route=\/wp\/v2\/pages\/1076\/revisions"}],"predecessor-version":[{"id":1084,"href":"https:\/\/www.lesamesnocturnes.com\/index.php?rest_route=\/wp\/v2\/pages\/1076\/revisions\/1084"}],"wp:attachment":[{"href":"https:\/\/www.lesamesnocturnes.com\/index.php?rest_route=%2Fwp%2Fv2%2Fmedia&parent=1076"}],"curies":[{"name":"wp","href":"https:\/\/api.w.org\/{rel}","templated":true}]}}